{"id":5349,"date":"2025-01-02T11:22:40","date_gmt":"2025-01-02T08:22:40","guid":{"rendered":"https:\/\/www.erdogantoka.com\/?page_id=5349"},"modified":"2025-04-29T17:23:24","modified_gmt":"2025-04-29T14:23:24","slug":"geri-donusum","status":"publish","type":"page","link":"https:\/\/www.erdogantoka.com\/de\/geri-donusum\/","title":{"rendered":"Recyceln"},"content":{"rendered":"<div class=\"wpb-content-wrapper\"><div class=\"vc_row wpb_row vc_row-fluid\"><div class=\"wpb_column vc_column_container vc_col-sm-12\"><div class=\"vc_column-inner\"><div class=\"wpb_wrapper\">\n\t\t<div id=\"wd-6776561907f81\" class=\"title-wrapper wd-wpb wd-set-mb reset-last-child  wd-rs-6776561907f81 wd-title-color-default wd-title-style-simple text-center  wd-width-custom wd-underline-colored\">\n\t\t\t\n\t\t\t<div class=\"liner-continer\">\n\t\t\t\t<h4 class=\"woodmart-title-container title  wd-font-weight- wd-fontsize-xxl\" >Metall- und Kunststoffrecycling: Beitrag f\u00fcr Natur und \u00d6konomie<\/h4>\n\t\t\t\t\t\t\t<\/div>\n\t\t\t\n\t\t\t\n\t\t\t\n\t\t<\/div>\n\t\t\n\t\t\t\t<div id=\"wd-6810e0b27784d\" class=\"wd-text-block wd-wpb reset-last-child wd-rs-6810e0b27784d text-center wd-fontsize-custom vc_custom_1745936817594\">\n\t\t\t<p>Um begrenzte nat\u00fcrliche Ressourcen zu schonen, Energie zu sparen und die Abfallmenge zu reduzieren, kommt dem Recycling eine gro\u00dfe Bedeutung zu. Dabei f\u00e4llt das Recycling von Metallen und Kunststoffen durch seinen Nutzen f\u00fcr die Natur und die wirtschaftliche Rendite auf.<\/p>\n\t\t<\/div>\n\t\t<div class=\"vc_empty_space\"   style=\"height: 32px\"><span class=\"vc_empty_space_inner\"><\/span><\/div><\/div><\/div><\/div><\/div><div data-vc-full-width=\"true\" data-vc-full-width-temp=\"true\" data-vc-full-width-init=\"false\" data-vc-stretch-content=\"true\" class=\"vc_row wpb_row vc_row-fluid vc_row-o-equal-height vc_row-flex wd-rs-61095a7c2b599\"><div class=\"wpb_column vc_column_container vc_col-sm-6 vc_col-has-fill wd-rs-677653838227e\"><div class=\"vc_column-inner vc_custom_1735807911520\"><div class=\"wpb_wrapper\"><\/div><\/div><\/div><div class=\"wpb_column vc_column_container vc_col-sm-6 wd-rs-610928fd576a8\"><div class=\"vc_column-inner vc_custom_1627990272248\"><div class=\"wpb_wrapper\">\n\t\t<div id=\"wd-677655d58f9ed\" class=\"title-wrapper wd-wpb wd-set-mb reset-last-child  wd-rs-677655d58f9ed wd-title-color-default wd-title-style-simple text-center  wd-width-custom wd-underline-colored\">\n\t\t\t\n\t\t\t<div class=\"liner-continer\">\n\t\t\t\t<h4 class=\"woodmart-title-container title  wd-font-weight- wd-fontsize-xxl\" >Metallrecycling<\/h4>\n\t\t\t\t\t\t\t<\/div>\n\t\t\t\n\t\t\t\n\t\t\t\n\t\t<\/div>\n\t\t\n\t\t\t\t<div id=\"wd-6810e0bf9df1f\" class=\"wd-text-block wd-wpb reset-last-child wd-rs-6810e0bf9df1f text-left wd-fontsize-custom vc_custom_1745936829682\">\n\t\t\t<p>Metalle geh\u00f6ren zu den Werkstoffen mit der h\u00f6chsten Recyclingquote. Metalle k\u00f6nnen immer wieder zu neuen Produkten verarbeitet werden.<\/p>\n<p><strong>Energieeinsparung:<\/strong> Beim Metallrecycling wird 95 % weniger Energie verbraucht als bei der Herstellung von neuem Metall.<\/p>\n<p><strong>Rohstoffeinsparung:<\/strong> Durch Recycling wird die Menge der gef\u00f6rderten Mineralien reduziert und die nat\u00fcrlichen Ressourcen gesch\u00fctzt.<\/p>\n<p><strong>Wirtschaftlicher Wert:<\/strong> Der Verkauf von Altmetallen tr\u00e4gt zum wirtschaftlichen Recycling bei.<\/p>\n\t\t<\/div>\n\t\t<div class=\"vc_empty_space\"   style=\"height: 22px\"><span class=\"vc_empty_space_inner\"><\/span><\/div><\/div><\/div><\/div><\/div><div class=\"vc_row-full-width vc_clearfix\"><\/div><div data-vc-full-width=\"true\" data-vc-full-width-temp=\"true\" data-vc-full-width-init=\"false\" data-vc-stretch-content=\"true\" class=\"vc_row wpb_row vc_row-fluid vc_row-o-equal-height vc_row-flex row-reverse-mobile wd-rs-61095a58dc2a2\"><div class=\"wpb_column vc_column_container vc_col-sm-6 wd-rs-677658b930122\"><div class=\"vc_column-inner vc_custom_1735809219987\"><div class=\"wpb_wrapper\">\n\t\t<div id=\"wd-677655cf15b6e\" class=\"title-wrapper wd-wpb wd-set-mb reset-last-child  wd-rs-677655cf15b6e wd-title-color-default wd-title-style-simple text-center  wd-width-custom wd-underline-colored\">\n\t\t\t\n\t\t\t<div class=\"liner-continer\">\n\t\t\t\t<h4 class=\"woodmart-title-container title  wd-font-weight- wd-fontsize-xxl\" >Kunststoffrecycling<\/h4>\n\t\t\t\t\t\t\t<\/div>\n\t\t\t\n\t\t\t\n\t\t\t\n\t\t<\/div>\n\t\t\n\t\t\t\t<div id=\"wd-6810e0ca6cbec\" class=\"wd-text-block wd-wpb reset-last-child wd-rs-6810e0ca6cbec text-left wd-fontsize-custom vc_custom_1745936839642\">\n\t\t\t<p>Das Kunststoffrecycling spielt eine entscheidende Rolle bei der Reduzierung der Umweltverschmutzung. W\u00e4hrend Kunststoffe in der Natur lange brauchen, um sich zu zersetzen, werden diese Abf\u00e4lle durch den Recyclingprozess der Wirtschaft zugef\u00fchrt.<\/p>\n<p><strong>Energieeffizienz:<\/strong> Beim Recycling wird weniger Energie verbraucht und im Vergleich zur Produktion von neuem Kunststoff k\u00f6nnen Einsparungen von bis zu 80 % erzielt werden.<\/p>\n<p><strong>Abfallreduzierung:<\/strong> Die Ansammlung von Plastikm\u00fcll in der Natur wird verhindert und die \u00d6kosysteme an Land und im Meer werden gesch\u00fctzt.<\/p>\n<p><strong>Wiederverwendung:<\/strong> Durch die Wiederaufbereitung von Kunststoffen k\u00f6nnen neue Verpackungen und Produkte hergestellt werden.<\/p>\n\t\t<\/div>\n\t\t<div class=\"vc_empty_space\"   style=\"height: 22px\"><span class=\"vc_empty_space_inner\"><\/span><\/div><\/div><\/div><\/div><div data-vc-parallax=\"1.5\" class=\"wpb_column vc_column_container vc_col-sm-6 vc_col-has-fill vc_general vc_parallax vc_parallax-content-moving wd-rs-6776559d1647e\"><div class=\"vc_column-inner vc_custom_1735808431085\"><div class=\"wpb_wrapper\"><\/div><\/div><\/div><\/div><div class=\"vc_row-full-width vc_clearfix\"><\/div><div data-vc-full-width=\"true\" data-vc-full-width-temp=\"true\" data-vc-full-width-init=\"false\" data-vc-stretch-content=\"true\" class=\"vc_row wpb_row vc_row-fluid wd-rs-6776588ae2f0c\"><div class=\"wpb_column vc_column_container vc_col-sm-12 wd-rs-677658edbae5d\"><div class=\"vc_column-inner vc_custom_1735809267114\"><div class=\"wpb_wrapper\"><div class=\"vc_empty_space\"   style=\"height: 22px\"><span class=\"vc_empty_space_inner\"><\/span><\/div>\t\t<div id=\"wd-6810e0d3c3d11\" class=\"wd-text-block wd-wpb reset-last-child wd-rs-6810e0d3c3d11 text-left wd-fontsize-custom vc_custom_1745936848715\">\n\t\t\t<p><strong>Beitr\u00e4ge zu Gesellschaft und Industrie<\/strong><\/p>\n<p>Das Recycling von Metall und Kunststoff bietet nicht nur der Natur, sondern auch der Industrie gro\u00dfe Vorteile. Es senkt die Rohstoffkosten, schafft Arbeitspl\u00e4tze und ist ein wichtiger Schritt hin zu einer nachhaltigen Wirtschaft.<\/p>\n<p><strong>Abschluss:<\/strong> Das Recycling von Metall und Kunststoff ist ein Prozess, den sowohl Einzelpersonen als auch die Industrie verantwortungsvoll durchf\u00fchren m\u00fcssen. Um den k\u00fcnftigen Generationen eine sauberere Welt zu hinterlassen, ist die Unterst\u00fctzung dieses Prozesses von entscheidender Bedeutung.<\/p>\n\t\t<\/div>\n\t\t<\/div><\/div><\/div><\/div><div class=\"vc_row-full-width vc_clearfix\"><\/div>\n<\/div>","protected":false},"excerpt":{"rendered":"Metal ve Plastik Geri D\u00f6n\u00fc\u015f\u00fcm\u00fc: Do\u011faya ve Ekonomiye Katk\u0131 Geri d\u00f6n\u00fc\u015f\u00fcm, s\u0131n\u0131rl\u0131 do\u011fal kaynaklar\u0131n korunmas\u0131, enerji tasarrufu sa\u011flanmas\u0131 ve at\u0131k","protected":false},"author":1,"featured_media":0,"parent":0,"menu_order":0,"comment_status":"closed","ping_status":"closed","template":"","meta":{"footnotes":""},"class_list":["post-5349","page","type-page","status-publish","hentry"],"yoast_head":"<!-- This site is optimized with the Yoast SEO Premium plugin v24.5 (Yoast SEO v26.8) - https:\/\/yoast.com\/product\/yoast-seo-premium-wordpress\/ -->\n<title>Geri D\u00f6n\u00fc\u015f\u00fcm - Erdo\u011fan Toka<\/title>\n<meta name=\"robots\" content=\"index, follow, max-snippet:-1, max-image-preview:large, max-video-preview:-1\" \/>\n<link rel=\"canonical\" href=\"https:\/\/www.erdogantoka.com\/de\/geri-donusum\/\" \/>\n<meta property=\"og:locale\" content=\"de_DE\" \/>\n<meta property=\"og:type\" content=\"article\" \/>\n<meta property=\"og:title\" content=\"Geri D\u00f6n\u00fc\u015f\u00fcm\" \/>\n<meta property=\"og:url\" content=\"https:\/\/www.erdogantoka.com\/de\/geri-donusum\/\" \/>\n<meta property=\"og:site_name\" content=\"Erdo\u011fan Toka\" \/>\n<meta property=\"article:publisher\" content=\"https:\/\/www.facebook.com\/erdogan.toka\" \/>\n<meta property=\"article:modified_time\" content=\"2025-04-29T14:23:24+00:00\" \/>\n<meta name=\"twitter:card\" content=\"summary_large_image\" \/>\n<meta name=\"twitter:label1\" content=\"Gesch\u00e4tzte Lesezeit\" \/>\n\t<meta name=\"twitter:data1\" content=\"4\u00a0Minuten\" \/>\n<script type=\"application\/ld+json\" class=\"yoast-schema-graph\">{\"@context\":\"https:\/\/schema.org\",\"@graph\":[{\"@type\":\"WebPage\",\"@id\":\"https:\/\/www.erdogantoka.com\/geri-donusum\/\",\"url\":\"https:\/\/www.erdogantoka.com\/geri-donusum\/\",\"name\":\"Geri D\u00f6n\u00fc\u015f\u00fcm - Erdo\u011fan Toka\",\"isPartOf\":{\"@id\":\"https:\/\/www.erdogantoka.com\/#website\"},\"datePublished\":\"2025-01-02T08:22:40+00:00\",\"dateModified\":\"2025-04-29T14:23:24+00:00\",\"breadcrumb\":{\"@id\":\"https:\/\/www.erdogantoka.com\/geri-donusum\/#breadcrumb\"},\"inLanguage\":\"de\",\"potentialAction\":[{\"@type\":\"ReadAction\",\"target\":[\"https:\/\/www.erdogantoka.com\/geri-donusum\/\"]}]},{\"@type\":\"BreadcrumbList\",\"@id\":\"https:\/\/www.erdogantoka.com\/geri-donusum\/#breadcrumb\",\"itemListElement\":[{\"@type\":\"ListItem\",\"position\":1,\"name\":\"Anasayfa\",\"item\":\"https:\/\/www.erdogantoka.com\/\"},{\"@type\":\"ListItem\",\"position\":2,\"name\":\"Geri D\u00f6n\u00fc\u015f\u00fcm\"}]},{\"@type\":\"WebSite\",\"@id\":\"https:\/\/www.erdogantoka.com\/#website\",\"url\":\"https:\/\/www.erdogantoka.com\/\",\"name\":\"Erdo\u011fan Toka\",\"description\":\"\",\"publisher\":{\"@id\":\"https:\/\/www.erdogantoka.com\/#organization\"},\"potentialAction\":[{\"@type\":\"SearchAction\",\"target\":{\"@type\":\"EntryPoint\",\"urlTemplate\":\"https:\/\/www.erdogantoka.com\/?s={search_term_string}\"},\"query-input\":{\"@type\":\"PropertyValueSpecification\",\"valueRequired\":true,\"valueName\":\"search_term_string\"}}],\"inLanguage\":\"de\"},{\"@type\":[\"Organization\",\"Place\",\"Corporation\"],\"@id\":\"https:\/\/www.erdogantoka.com\/#organization\",\"name\":\"Erdo\u011fan Toka\",\"url\":\"https:\/\/www.erdogantoka.com\/\",\"logo\":{\"@id\":\"https:\/\/www.erdogantoka.com\/geri-donusum\/#local-main-organization-logo\"},\"image\":{\"@id\":\"https:\/\/www.erdogantoka.com\/geri-donusum\/#local-main-organization-logo\"},\"sameAs\":[\"https:\/\/www.facebook.com\/erdogan.toka\"],\"address\":{\"@id\":\"https:\/\/www.erdogantoka.com\/geri-donusum\/#local-main-place-address\"},\"geo\":{\"@type\":\"GeoCoordinates\",\"latitude\":\"41.095199\",\"longitude\":\"28.797095\"},\"telephone\":[\"+90 212 486 28 90\",\"+90 212 486 28 92\"],\"contactPoint\":{\"@type\":\"ContactPoint\",\"email\":\"info@erdogantoka.com\"},\"openingHoursSpecification\":[{\"@type\":\"OpeningHoursSpecification\",\"dayOfWeek\":[\"Monday\",\"Tuesday\",\"Wednesday\",\"Thursday\",\"Friday\"],\"opens\":\"07:00\",\"closes\":\"17:00\"},{\"@type\":\"OpeningHoursSpecification\",\"dayOfWeek\":[\"Saturday\",\"Sunday\"],\"opens\":\"00:00\",\"closes\":\"00:00\"}],\"email\":\"info@erdogantoka.com\"},{\"@type\":\"PostalAddress\",\"@id\":\"https:\/\/www.erdogantoka.com\/geri-donusum\/#local-main-place-address\",\"streetAddress\":\"\u0130kitelli OSB \u00c7evre Sanayi Sitesi 9.Blok No:1-2-3-4-6-8, 34490- Ba\u015fak\u015fehir\/\u0130stanbul - TURKEY\",\"addressLocality\":\"\u0130stanbul\",\"postalCode\":\"34490\",\"addressCountry\":\"TR\"},{\"@type\":\"ImageObject\",\"inLanguage\":\"de\",\"@id\":\"https:\/\/www.erdogantoka.com\/geri-donusum\/#local-main-organization-logo\",\"url\":\"https:\/\/www.erdogantoka.com\/wp-content\/uploads\/2024\/10\/erdoganlogo.webp\",\"contentUrl\":\"https:\/\/www.erdogantoka.com\/wp-content\/uploads\/2024\/10\/erdoganlogo.webp\",\"width\":1000,\"height\":266,\"caption\":\"Erdo\u011fan Toka\"}]}<\/script>\n<meta name=\"geo.placename\" content=\"\u0130stanbul\" \/>\n<meta name=\"geo.position\" content=\"41.095199;28.797095\" \/>\n<meta name=\"geo.region\" content=\"Turkey\" \/>\n<!-- \/ Yoast SEO Premium plugin. -->","yoast_head_json":{"title":"Geri D\u00f6n\u00fc\u015f\u00fcm - Erdo\u011fan Toka","robots":{"index":"index","follow":"follow","max-snippet":"max-snippet:-1","max-image-preview":"max-image-preview:large","max-video-preview":"max-video-preview:-1"},"canonical":"https:\/\/www.erdogantoka.com\/de\/geri-donusum\/","og_locale":"de_DE","og_type":"article","og_title":"Geri D\u00f6n\u00fc\u015f\u00fcm","og_url":"https:\/\/www.erdogantoka.com\/de\/geri-donusum\/","og_site_name":"Erdo\u011fan Toka","article_publisher":"https:\/\/www.facebook.com\/erdogan.toka","article_modified_time":"2025-04-29T14:23:24+00:00","twitter_card":"summary_large_image","twitter_misc":{"Gesch\u00e4tzte Lesezeit":"4\u00a0Minuten"},"schema":{"@context":"https:\/\/schema.org","@graph":[{"@type":"WebPage","@id":"https:\/\/www.erdogantoka.com\/geri-donusum\/","url":"https:\/\/www.erdogantoka.com\/geri-donusum\/","name":"Geri D\u00f6n\u00fc\u015f\u00fcm - Erdo\u011fan Toka","isPartOf":{"@id":"https:\/\/www.erdogantoka.com\/#website"},"datePublished":"2025-01-02T08:22:40+00:00","dateModified":"2025-04-29T14:23:24+00:00","breadcrumb":{"@id":"https:\/\/www.erdogantoka.com\/geri-donusum\/#breadcrumb"},"inLanguage":"de","potentialAction":[{"@type":"ReadAction","target":["https:\/\/www.erdogantoka.com\/geri-donusum\/"]}]},{"@type":"BreadcrumbList","@id":"https:\/\/www.erdogantoka.com\/geri-donusum\/#breadcrumb","itemListElement":[{"@type":"ListItem","position":1,"name":"Anasayfa","item":"https:\/\/www.erdogantoka.com\/"},{"@type":"ListItem","position":2,"name":"Geri D\u00f6n\u00fc\u015f\u00fcm"}]},{"@type":"WebSite","@id":"https:\/\/www.erdogantoka.com\/#website","url":"https:\/\/www.erdogantoka.com\/","name":"Erdo\u011fan Toka","description":"","publisher":{"@id":"https:\/\/www.erdogantoka.com\/#organization"},"potentialAction":[{"@type":"SearchAction","target":{"@type":"EntryPoint","urlTemplate":"https:\/\/www.erdogantoka.com\/?s={search_term_string}"},"query-input":{"@type":"PropertyValueSpecification","valueRequired":true,"valueName":"search_term_string"}}],"inLanguage":"de"},{"@type":["Organization","Place","Corporation"],"@id":"https:\/\/www.erdogantoka.com\/#organization","name":"Erdo\u011fan Toka","url":"https:\/\/www.erdogantoka.com\/","logo":{"@id":"https:\/\/www.erdogantoka.com\/geri-donusum\/#local-main-organization-logo"},"image":{"@id":"https:\/\/www.erdogantoka.com\/geri-donusum\/#local-main-organization-logo"},"sameAs":["https:\/\/www.facebook.com\/erdogan.toka"],"address":{"@id":"https:\/\/www.erdogantoka.com\/geri-donusum\/#local-main-place-address"},"geo":{"@type":"GeoCoordinates","latitude":"41.095199","longitude":"28.797095"},"telephone":["+90 212 486 28 90","+90 212 486 28 92"],"contactPoint":{"@type":"ContactPoint","email":"info@erdogantoka.com"},"openingHoursSpecification":[{"@type":"OpeningHoursSpecification","dayOfWeek":["Monday","Tuesday","Wednesday","Thursday","Friday"],"opens":"07:00","closes":"17:00"},{"@type":"OpeningHoursSpecification","dayOfWeek":["Saturday","Sunday"],"opens":"00:00","closes":"00:00"}],"email":"info@erdogantoka.com"},{"@type":"PostalAddress","@id":"https:\/\/www.erdogantoka.com\/geri-donusum\/#local-main-place-address","streetAddress":"\u0130kitelli OSB \u00c7evre Sanayi Sitesi 9.Blok No:1-2-3-4-6-8, 34490- Ba\u015fak\u015fehir\/\u0130stanbul - TURKEY","addressLocality":"\u0130stanbul","postalCode":"34490","addressCountry":"TR"},{"@type":"ImageObject","inLanguage":"de","@id":"https:\/\/www.erdogantoka.com\/geri-donusum\/#local-main-organization-logo","url":"https:\/\/www.erdogantoka.com\/wp-content\/uploads\/2024\/10\/erdoganlogo.webp","contentUrl":"https:\/\/www.erdogantoka.com\/wp-content\/uploads\/2024\/10\/erdoganlogo.webp","width":1000,"height":266,"caption":"Erdo\u011fan Toka"}]},"geo.placename":"\u0130stanbul","geo.position":{"lat":"41.095199","long":"28.797095"},"geo.region":"Turkey"},"_links":{"self":[{"href":"https:\/\/www.erdogantoka.com\/de\/wp-json\/wp\/v2\/pages\/5349","targetHints":{"allow":["GET"]}}],"collection":[{"href":"https:\/\/www.erdogantoka.com\/de\/wp-json\/wp\/v2\/pages"}],"about":[{"href":"https:\/\/www.erdogantoka.com\/de\/wp-json\/wp\/v2\/types\/page"}],"author":[{"embeddable":true,"href":"https:\/\/www.erdogantoka.com\/de\/wp-json\/wp\/v2\/users\/1"}],"replies":[{"embeddable":true,"href":"https:\/\/www.erdogantoka.com\/de\/wp-json\/wp\/v2\/comments?post=5349"}],"version-history":[{"count":15,"href":"https:\/\/www.erdogantoka.com\/de\/wp-json\/wp\/v2\/pages\/5349\/revisions"}],"predecessor-version":[{"id":5778,"href":"https:\/\/www.erdogantoka.com\/de\/wp-json\/wp\/v2\/pages\/5349\/revisions\/5778"}],"wp:attachment":[{"href":"https:\/\/www.erdogantoka.com\/de\/wp-json\/wp\/v2\/media?parent=5349"}],"curies":[{"name":"wp","href":"https:\/\/api.w.org\/{rel}","templated":true}]}}