{"id":5530,"date":"2025-01-03T12:10:22","date_gmt":"2025-01-03T09:10:22","guid":{"rendered":"https:\/\/www.erdogantoka.com\/?page_id=5530"},"modified":"2025-01-03T12:10:48","modified_gmt":"2025-01-03T09:10:48","slug":"hakkimizda","status":"publish","type":"page","link":"https:\/\/www.erdogantoka.com\/de\/hakkimizda\/","title":{"rendered":"Hakk\u0131m\u0131zda"},"content":{"rendered":"<div class=\"wpb-content-wrapper\"><div class=\"vc_row wpb_row vc_row-fluid vc_custom_1629877038080 row-reverse-mobile row-reverse-tablet wd-rs-6125f32826e3d\"><div class=\"wpb_column vc_column_container vc_col-sm-12 vc_col-lg-6 vc_col-md-6 wd-rs-6125f30edad72\"><div class=\"vc_column-inner vc_custom_1629877010833\"><div class=\"wpb_wrapper\">\t\t<div id=\"wd-67764974ab5ea\" class=\"wd-image wd-wpb wd-rs-67764974ab5ea text-left vc_custom_1735805362224\">\n\t\t\t\n\t\t\t<img loading=\"lazy\" decoding=\"async\" width=\"1922\" height=\"1545\" src=\"https:\/\/www.erdogantoka.com\/wp-content\/uploads\/2025\/01\/hakkimizdaerdogantoka-5.jpg\" class=\"attachment-full size-full\" alt=\"\" srcset=\"https:\/\/www.erdogantoka.com\/wp-content\/uploads\/2025\/01\/hakkimizdaerdogantoka-5.jpg 1922w, https:\/\/www.erdogantoka.com\/wp-content\/uploads\/2025\/01\/hakkimizdaerdogantoka-5-150x121.jpg 150w, https:\/\/www.erdogantoka.com\/wp-content\/uploads\/2025\/01\/hakkimizdaerdogantoka-5-1200x965.jpg 1200w, https:\/\/www.erdogantoka.com\/wp-content\/uploads\/2025\/01\/hakkimizdaerdogantoka-5-300x241.jpg 300w, https:\/\/www.erdogantoka.com\/wp-content\/uploads\/2025\/01\/hakkimizdaerdogantoka-5-1024x823.jpg 1024w, https:\/\/www.erdogantoka.com\/wp-content\/uploads\/2025\/01\/hakkimizdaerdogantoka-5-768x617.jpg 768w, https:\/\/www.erdogantoka.com\/wp-content\/uploads\/2025\/01\/hakkimizdaerdogantoka-5-1536x1235.jpg 1536w\" sizes=\"auto, (max-width: 1922px) 100vw, 1922px\" \/>\n\t\t\t\t\t<\/div>\n\t\t<\/div><\/div><\/div><div class=\"wpb_column vc_column_container vc_col-sm-12 vc_col-lg-offset-1 vc_col-lg-5 vc_col-md-6 vc_col-xs-12 wd-rs-6125f320eb687\"><div class=\"vc_column-inner vc_custom_1629877027060\"><div class=\"wpb_wrapper\">\n\t\t<div id=\"wd-67763e8aa04e1\" class=\"title-wrapper wd-wpb wd-set-mb reset-last-child  wd-rs-67763e8aa04e1 wd-title-color-primary wd-title-style-default text-left vc_custom_1735802511278 wd-underline-colored\">\n\t\t\t\t\t\t\t\n\t\t\t\t<div class=\"title-subtitle  subtitle-color-primary font-default subtitle-style-default wd-font-weight-600 wd-fontsize-xs\">ERDO\u011eAN MODA METAL VE PLAST\u0130K SAN. T\u0130C. LTD. \u015eT\u0130.<\/div>\n\t\t\t\n\t\t\t<div class=\"liner-continer\">\n\t\t\t\t<h4 class=\"woodmart-title-container title  wd-font-weight- wd-fontsize-xxl\" >SEIT \u00dcBER 50 JAHREN ENTWICKELN WIR GEMEINSAM MIT DER MODE.<\/h4>\n\t\t\t\t\t\t\t<\/div>\n\t\t\t\n\t\t\t\n\t\t\t\n\t\t<\/div>\n\t\t\n\t\t\t\t<div id=\"wd-67763e5e60f5e\" class=\"wd-text-block wd-wpb reset-last-child wd-rs-67763e5e60f5e text-left wd-width-enabled wd-fontsize-s vc_custom_1735802472030\" style=\"--wd-max-width: 90%;\">\n\t\t\t<p>Als Erdo\u011fan Toka stellen wir seit 1965 innovative Technologien und Qualit\u00e4t in den Mittelpunkt unseres Gesch\u00e4fts. Unsere oberste Priorit\u00e4t besteht darin, schnelle, flexible und zuverl\u00e4ssige L\u00f6sungen f\u00fcr die Bed\u00fcrfnisse unserer Kunden zu bieten.<\/p>\n<p>Alle unsere Produkte werden gem\u00e4\u00df internationalen Standards hergestellt und unterliegen in jeder Phase einer sorgf\u00e4ltigen Qualit\u00e4tskontrolle. Mit unserem auf Kundenzufriedenheit basierenden Ansatz streben wir immer danach, das beste Produkt anzubieten.<\/p>\n\t\t<\/div>\n\t\t<\/div><\/div><\/div><div class=\"wpb_column vc_column_container vc_col-sm-12\"><div class=\"vc_column-inner\"><div class=\"wpb_wrapper\"><div class=\"vc_separator wpb_content_element vc_separator_align_center vc_sep_width_100 vc_sep_pos_align_center vc_separator_no_text vc_custom_1615616514122\" ><span class=\"vc_sep_holder vc_sep_holder_l\"><span style=\"border-color:rgb(10,10,10);border-color:rgba(10,10,10,0.12);\" class=\"vc_sep_line\"><\/span><\/span><span class=\"vc_sep_holder vc_sep_holder_r\"><span style=\"border-color:rgb(10,10,10);border-color:rgba(10,10,10,0.12);\" class=\"vc_sep_line\"><\/span><\/span>\n<\/div><\/div><\/div><\/div><\/div><div class=\"vc_row wpb_row vc_row-fluid\"><div class=\"wpb_column vc_column_container vc_col-sm-6\"><div class=\"vc_column-inner vc_custom_1615617895716\"><div class=\"wpb_wrapper\">\n\t\t<div id=\"wd-677649c6100d5\" class=\"title-wrapper wd-wpb wd-set-mb reset-last-child  wd-rs-677649c6100d5 wd-title-color-default wd-title-style-default text-left vc_custom_1735805409574 wd-underline-colored\">\n\t\t\t\n\t\t\t<div class=\"liner-continer\">\n\t\t\t\t<h4 class=\"woodmart-title-container title  wd-font-weight- wd-fontsize-l\" >Unsere Vision<\/h4>\n\t\t\t\t\t\t\t<\/div>\n\t\t\t\n\t\t\t\n\t\t\t\n\t\t<\/div>\n\t\t\n\t\t\t\t<div id=\"wd-67764a650fbc1\" class=\"wd-text-block wd-wpb reset-last-child wd-rs-67764a650fbc1 text-left wd-width-custom wd-fontsize-s\">\n\t\t\t<p><strong>Eine f\u00fchrende Kraft sein, die einen Unterschied macht<\/strong><\/p>\n<p>Als Erdo\u011fan Toka handeln wir mit unserer Vision, einen Unterschied zu machen. In allen unseren Produktionsprozessen verwenden wir zertifizierte Rohstoffe, die internationalen Standards entsprechen.<\/p>\n<p>Um den Kundenanforderungen bestm\u00f6glich gerecht zu werden, sind wir in der Lage, nach Prototypenmustern oder technischen Zeichnungen zu produzieren. Unsere Forschungs- und Entwicklungsabteilung stellt ihre Fachkompetenz bei der Entwicklung neuer Produktdesigns durch die Vorbereitung von 3D-Prototypenmustern unter Beweis. Durch diese professionelle Herangehensweise konnten wir \u00fcber Jahre hinweg eine starke Position in der Branche behaupten.<\/p>\n<p>Wir sind in der Lage, alle Formen und Ger\u00e4te unter der Aufsicht unserer erfahrenen Techniker in unserer modernen Werkstatt und Produktionsanlage, die mit CNC-Maschinen ausgestattet ist, intern herzustellen. So k\u00f6nnen wir die hohen Anspr\u00fcche unserer Kunden an Qualit\u00e4t, Zuverl\u00e4ssigkeit und Pr\u00e4zision auch bei Sonderprodukten vollumf\u00e4nglich erf\u00fcllen.<\/p>\n<p>Unsere fachkundigen Mitarbeiter und unser Forschungs- und Entwicklungsteam verf\u00fcgen \u00fcber die Flexibilit\u00e4t, durch \u00c4nderungen an unseren Standardprodukten (Schnallen, Kapseln, Nieten usw.) entsprechend den Kundenerwartungen neue Designs zu entwickeln und anzubieten. Dieser Ansatz macht uns zu einem Pionier und einem Akteur in der Branche.<\/p>\n\t\t<\/div>\n\t\t<\/div><\/div><\/div><div class=\"wpb_column vc_column_container vc_col-sm-6 wd-rs-6125f363cf509\"><div class=\"vc_column-inner vc_custom_1629877093976\"><div class=\"wpb_wrapper\">\n\t\t<div id=\"wd-67764a0c5f313\" class=\"title-wrapper wd-wpb wd-set-mb reset-last-child  wd-rs-67764a0c5f313 wd-title-color-default wd-title-style-default text-left vc_custom_1735805458320 wd-underline-colored\">\n\t\t\t\n\t\t\t<div class=\"liner-continer\">\n\t\t\t\t<h4 class=\"woodmart-title-container title  wd-font-weight- wd-fontsize-l\" >Unsere Mission<\/h4>\n\t\t\t\t\t\t\t<\/div>\n\t\t\t\n\t\t\t\n\t\t\t\n\t\t<\/div>\n\t\t\n\t\t\t\t<div id=\"wd-67764a82e10ca\" class=\"wd-text-block wd-wpb reset-last-child wd-rs-67764a82e10ca text-left wd-width-custom wd-fontsize-s\">\n\t\t\t<p><strong>KUNDENZUFRIEDENHEIT UND KONTINUIT\u00c4T IN DER QUALIT\u00c4T<\/strong><\/p>\n<p>Unsere Mission als Erdo\u011fan Toka besteht darin, die Erwartungen unserer Kunden zu \u00fcbertreffen und innovative L\u00f6sungen bereitzustellen, um Kontinuit\u00e4t in der Qualit\u00e4t zu gew\u00e4hrleisten. Wir gehen in jeder Phase unserer Produktionsprozesse mit gro\u00dfer Sorgfalt vor und entwickeln Produkte, die den Anforderungen der Branche gerecht werden.<\/p>\n<p>Um unseren Kunden den besten Service zu bieten;<\/p>\n<p>Qualit\u00e4t steht f\u00fcr uns immer an erster Stelle.<\/p>\n<p>Wir verbessern unsere Produktion, indem wir technologische Innovationen aufmerksam verfolgen.<\/p>\n<p>Wir entwickeln kundenorientierte L\u00f6sungen und etablieren verl\u00e4ssliche Gesch\u00e4ftspartnerschaften.<\/p>\n<p>Durch kontinuierliche Weiterentwicklung behaupten wir unsere f\u00fchrende Position in der Branche.<\/p>\n<p>Mit dieser Mission werden wir auch weiterhin als Marke bestehen, die in der Branche etwas bewirkt, und die Kundenzufriedenheit wird f\u00fcr uns immer an erster Stelle stehen.<\/p>\n\t\t<\/div>\n\t\t<\/div><\/div><\/div><\/div>\n<\/div>","protected":false},"excerpt":{"rendered":"ERDO\u011eAN MODA METAL VE PLAST\u0130K SAN. T\u0130C. LTD. \u015eT\u0130. 50 YILI A\u015eAN MODA \u0130LE B\u0130RL\u0130KTE GEL\u0130\u015eMEKTEY\u0130Z. 1965\u2019ten bu yana Erdo\u011fan","protected":false},"author":1,"featured_media":0,"parent":0,"menu_order":0,"comment_status":"closed","ping_status":"closed","template":"","meta":{"footnotes":""},"class_list":["post-5530","page","type-page","status-publish","hentry"],"yoast_head":"<!-- This site is optimized with the Yoast SEO Premium plugin v24.5 (Yoast SEO v26.8) - https:\/\/yoast.com\/product\/yoast-seo-premium-wordpress\/ -->\n<title>Hakk\u0131m\u0131zda - Erdo\u011fan Toka<\/title>\n<meta name=\"robots\" content=\"index, follow, max-snippet:-1, max-image-preview:large, max-video-preview:-1\" \/>\n<link rel=\"canonical\" href=\"https:\/\/www.erdogantoka.com\/de\/hakkimizda\/\" \/>\n<meta property=\"og:locale\" content=\"de_DE\" \/>\n<meta property=\"og:type\" content=\"article\" \/>\n<meta property=\"og:title\" content=\"Hakk\u0131m\u0131zda\" \/>\n<meta property=\"og:url\" content=\"https:\/\/www.erdogantoka.com\/de\/hakkimizda\/\" \/>\n<meta property=\"og:site_name\" content=\"Erdo\u011fan Toka\" \/>\n<meta property=\"article:publisher\" content=\"https:\/\/www.facebook.com\/erdogan.toka\" \/>\n<meta property=\"article:modified_time\" content=\"2025-01-03T09:10:48+00:00\" \/>\n<meta name=\"twitter:card\" content=\"summary_large_image\" \/>\n<meta name=\"twitter:label1\" content=\"Gesch\u00e4tzte Lesezeit\" \/>\n\t<meta name=\"twitter:data1\" content=\"7\u00a0Minuten\" \/>\n<script type=\"application\/ld+json\" class=\"yoast-schema-graph\">{\"@context\":\"https:\/\/schema.org\",\"@graph\":[{\"@type\":\"WebPage\",\"@id\":\"https:\/\/www.erdogantoka.com\/hakkimizda\/\",\"url\":\"https:\/\/www.erdogantoka.com\/hakkimizda\/\",\"name\":\"Hakk\u0131m\u0131zda - Erdo\u011fan Toka\",\"isPartOf\":{\"@id\":\"https:\/\/www.erdogantoka.com\/#website\"},\"datePublished\":\"2025-01-03T09:10:22+00:00\",\"dateModified\":\"2025-01-03T09:10:48+00:00\",\"breadcrumb\":{\"@id\":\"https:\/\/www.erdogantoka.com\/hakkimizda\/#breadcrumb\"},\"inLanguage\":\"de\",\"potentialAction\":[{\"@type\":\"ReadAction\",\"target\":[\"https:\/\/www.erdogantoka.com\/hakkimizda\/\"]}]},{\"@type\":\"BreadcrumbList\",\"@id\":\"https:\/\/www.erdogantoka.com\/hakkimizda\/#breadcrumb\",\"itemListElement\":[{\"@type\":\"ListItem\",\"position\":1,\"name\":\"Anasayfa\",\"item\":\"https:\/\/www.erdogantoka.com\/\"},{\"@type\":\"ListItem\",\"position\":2,\"name\":\"Hakk\u0131m\u0131zda\"}]},{\"@type\":\"WebSite\",\"@id\":\"https:\/\/www.erdogantoka.com\/#website\",\"url\":\"https:\/\/www.erdogantoka.com\/\",\"name\":\"Erdo\u011fan Toka\",\"description\":\"\",\"publisher\":{\"@id\":\"https:\/\/www.erdogantoka.com\/#organization\"},\"potentialAction\":[{\"@type\":\"SearchAction\",\"target\":{\"@type\":\"EntryPoint\",\"urlTemplate\":\"https:\/\/www.erdogantoka.com\/?s={search_term_string}\"},\"query-input\":{\"@type\":\"PropertyValueSpecification\",\"valueRequired\":true,\"valueName\":\"search_term_string\"}}],\"inLanguage\":\"de\"},{\"@type\":[\"Organization\",\"Place\",\"Corporation\"],\"@id\":\"https:\/\/www.erdogantoka.com\/#organization\",\"name\":\"Erdo\u011fan Toka\",\"url\":\"https:\/\/www.erdogantoka.com\/\",\"logo\":{\"@id\":\"https:\/\/www.erdogantoka.com\/hakkimizda\/#local-main-organization-logo\"},\"image\":{\"@id\":\"https:\/\/www.erdogantoka.com\/hakkimizda\/#local-main-organization-logo\"},\"sameAs\":[\"https:\/\/www.facebook.com\/erdogan.toka\"],\"address\":{\"@id\":\"https:\/\/www.erdogantoka.com\/hakkimizda\/#local-main-place-address\"},\"geo\":{\"@type\":\"GeoCoordinates\",\"latitude\":\"41.095199\",\"longitude\":\"28.797095\"},\"telephone\":[\"+90 212 486 28 90\",\"+90 212 486 28 92\"],\"contactPoint\":{\"@type\":\"ContactPoint\",\"email\":\"info@erdogantoka.com\"},\"openingHoursSpecification\":[{\"@type\":\"OpeningHoursSpecification\",\"dayOfWeek\":[\"Monday\",\"Tuesday\",\"Wednesday\",\"Thursday\",\"Friday\"],\"opens\":\"07:00\",\"closes\":\"17:00\"},{\"@type\":\"OpeningHoursSpecification\",\"dayOfWeek\":[\"Saturday\",\"Sunday\"],\"opens\":\"00:00\",\"closes\":\"00:00\"}],\"email\":\"info@erdogantoka.com\"},{\"@type\":\"PostalAddress\",\"@id\":\"https:\/\/www.erdogantoka.com\/hakkimizda\/#local-main-place-address\",\"streetAddress\":\"\u0130kitelli OSB \u00c7evre Sanayi Sitesi 9.Blok No:1-2-3-4-6-8, 34490- Ba\u015fak\u015fehir\/\u0130stanbul - TURKEY\",\"addressLocality\":\"\u0130stanbul\",\"postalCode\":\"34490\",\"addressCountry\":\"TR\"},{\"@type\":\"ImageObject\",\"inLanguage\":\"de\",\"@id\":\"https:\/\/www.erdogantoka.com\/hakkimizda\/#local-main-organization-logo\",\"url\":\"https:\/\/www.erdogantoka.com\/wp-content\/uploads\/2024\/10\/erdoganlogo.webp\",\"contentUrl\":\"https:\/\/www.erdogantoka.com\/wp-content\/uploads\/2024\/10\/erdoganlogo.webp\",\"width\":1000,\"height\":266,\"caption\":\"Erdo\u011fan Toka\"}]}<\/script>\n<meta name=\"geo.placename\" content=\"\u0130stanbul\" \/>\n<meta name=\"geo.position\" content=\"41.095199;28.797095\" \/>\n<meta name=\"geo.region\" content=\"Turkey\" \/>\n<!-- \/ Yoast SEO Premium plugin. -->","yoast_head_json":{"title":"Hakk\u0131m\u0131zda - Erdo\u011fan Toka","robots":{"index":"index","follow":"follow","max-snippet":"max-snippet:-1","max-image-preview":"max-image-preview:large","max-video-preview":"max-video-preview:-1"},"canonical":"https:\/\/www.erdogantoka.com\/de\/hakkimizda\/","og_locale":"de_DE","og_type":"article","og_title":"Hakk\u0131m\u0131zda","og_url":"https:\/\/www.erdogantoka.com\/de\/hakkimizda\/","og_site_name":"Erdo\u011fan Toka","article_publisher":"https:\/\/www.facebook.com\/erdogan.toka","article_modified_time":"2025-01-03T09:10:48+00:00","twitter_card":"summary_large_image","twitter_misc":{"Gesch\u00e4tzte Lesezeit":"7\u00a0Minuten"},"schema":{"@context":"https:\/\/schema.org","@graph":[{"@type":"WebPage","@id":"https:\/\/www.erdogantoka.com\/hakkimizda\/","url":"https:\/\/www.erdogantoka.com\/hakkimizda\/","name":"Hakk\u0131m\u0131zda - Erdo\u011fan Toka","isPartOf":{"@id":"https:\/\/www.erdogantoka.com\/#website"},"datePublished":"2025-01-03T09:10:22+00:00","dateModified":"2025-01-03T09:10:48+00:00","breadcrumb":{"@id":"https:\/\/www.erdogantoka.com\/hakkimizda\/#breadcrumb"},"inLanguage":"de","potentialAction":[{"@type":"ReadAction","target":["https:\/\/www.erdogantoka.com\/hakkimizda\/"]}]},{"@type":"BreadcrumbList","@id":"https:\/\/www.erdogantoka.com\/hakkimizda\/#breadcrumb","itemListElement":[{"@type":"ListItem","position":1,"name":"Anasayfa","item":"https:\/\/www.erdogantoka.com\/"},{"@type":"ListItem","position":2,"name":"Hakk\u0131m\u0131zda"}]},{"@type":"WebSite","@id":"https:\/\/www.erdogantoka.com\/#website","url":"https:\/\/www.erdogantoka.com\/","name":"Erdo\u011fan Toka","description":"","publisher":{"@id":"https:\/\/www.erdogantoka.com\/#organization"},"potentialAction":[{"@type":"SearchAction","target":{"@type":"EntryPoint","urlTemplate":"https:\/\/www.erdogantoka.com\/?s={search_term_string}"},"query-input":{"@type":"PropertyValueSpecification","valueRequired":true,"valueName":"search_term_string"}}],"inLanguage":"de"},{"@type":["Organization","Place","Corporation"],"@id":"https:\/\/www.erdogantoka.com\/#organization","name":"Erdo\u011fan Toka","url":"https:\/\/www.erdogantoka.com\/","logo":{"@id":"https:\/\/www.erdogantoka.com\/hakkimizda\/#local-main-organization-logo"},"image":{"@id":"https:\/\/www.erdogantoka.com\/hakkimizda\/#local-main-organization-logo"},"sameAs":["https:\/\/www.facebook.com\/erdogan.toka"],"address":{"@id":"https:\/\/www.erdogantoka.com\/hakkimizda\/#local-main-place-address"},"geo":{"@type":"GeoCoordinates","latitude":"41.095199","longitude":"28.797095"},"telephone":["+90 212 486 28 90","+90 212 486 28 92"],"contactPoint":{"@type":"ContactPoint","email":"info@erdogantoka.com"},"openingHoursSpecification":[{"@type":"OpeningHoursSpecification","dayOfWeek":["Monday","Tuesday","Wednesday","Thursday","Friday"],"opens":"07:00","closes":"17:00"},{"@type":"OpeningHoursSpecification","dayOfWeek":["Saturday","Sunday"],"opens":"00:00","closes":"00:00"}],"email":"info@erdogantoka.com"},{"@type":"PostalAddress","@id":"https:\/\/www.erdogantoka.com\/hakkimizda\/#local-main-place-address","streetAddress":"\u0130kitelli OSB \u00c7evre Sanayi Sitesi 9.Blok No:1-2-3-4-6-8, 34490- Ba\u015fak\u015fehir\/\u0130stanbul - TURKEY","addressLocality":"\u0130stanbul","postalCode":"34490","addressCountry":"TR"},{"@type":"ImageObject","inLanguage":"de","@id":"https:\/\/www.erdogantoka.com\/hakkimizda\/#local-main-organization-logo","url":"https:\/\/www.erdogantoka.com\/wp-content\/uploads\/2024\/10\/erdoganlogo.webp","contentUrl":"https:\/\/www.erdogantoka.com\/wp-content\/uploads\/2024\/10\/erdoganlogo.webp","width":1000,"height":266,"caption":"Erdo\u011fan Toka"}]},"geo.placename":"\u0130stanbul","geo.position":{"lat":"41.095199","long":"28.797095"},"geo.region":"Turkey"},"_links":{"self":[{"href":"https:\/\/www.erdogantoka.com\/de\/wp-json\/wp\/v2\/pages\/5530","targetHints":{"allow":["GET"]}}],"collection":[{"href":"https:\/\/www.erdogantoka.com\/de\/wp-json\/wp\/v2\/pages"}],"about":[{"href":"https:\/\/www.erdogantoka.com\/de\/wp-json\/wp\/v2\/types\/page"}],"author":[{"embeddable":true,"href":"https:\/\/www.erdogantoka.com\/de\/wp-json\/wp\/v2\/users\/1"}],"replies":[{"embeddable":true,"href":"https:\/\/www.erdogantoka.com\/de\/wp-json\/wp\/v2\/comments?post=5530"}],"version-history":[{"count":2,"href":"https:\/\/www.erdogantoka.com\/de\/wp-json\/wp\/v2\/pages\/5530\/revisions"}],"predecessor-version":[{"id":5532,"href":"https:\/\/www.erdogantoka.com\/de\/wp-json\/wp\/v2\/pages\/5530\/revisions\/5532"}],"wp:attachment":[{"href":"https:\/\/www.erdogantoka.com\/de\/wp-json\/wp\/v2\/media?parent=5530"}],"curies":[{"name":"wp","href":"https:\/\/api.w.org\/{rel}","templated":true}]}}