{"id":5533,"date":"2025-01-03T12:11:52","date_gmt":"2025-01-03T09:11:52","guid":{"rendered":"https:\/\/www.erdogantoka.com\/?page_id=5533"},"modified":"2025-02-03T13:12:42","modified_gmt":"2025-02-03T10:12:42","slug":"iletisim","status":"publish","type":"page","link":"https:\/\/www.erdogantoka.com\/de\/iletisim\/","title":{"rendered":"\u0130leti\u015fim"},"content":{"rendered":"<div class=\"wpb-content-wrapper\"><div data-vc-full-width=\"true\" data-vc-full-width-temp=\"true\" data-vc-full-width-init=\"false\" data-vc-stretch-content=\"true\" class=\"vc_row wpb_row vc_row-fluid vc_custom_1693229148738 vc_row-no-padding wd-rs-64eca055bf5ed\"><div class=\"wpb_column vc_column_container vc_col-sm-12\"><div class=\"vc_column-inner\"><div class=\"wpb_wrapper\">\t\t<div id=\"wd-67762f6d75870\" class=\"wd-text-block wd-wpb reset-last-child wd-rs-67762f6d75870 text-left\">\n\t\t\t<p><iframe loading=\"lazy\" style=\"border: 0;\" src=\"https:\/\/www.google.com\/maps\/embed?pb=!1m14!1m8!1m3!1d24054.407025327255!2d28.7972174!3d41.0951971!3m2!1i1024!2i768!4f13.1!3m3!1m2!1s0x14caaf6c221b127b%3A0x8c5e8c73ff724c34!2sErdo%C4%9Fan%20Toka%20-%20Erdo%C4%9Fan%20Moda%20Metal%20ve%20Plastik%20San.%20ve%20Tic.%20Ltd.%20%C5%9Eti.!5e0!3m2!1str!2str!4v1735798611898!5m2!1str!2str\" width=\"100%\" height=\"450\" allowfullscreen=\"allowfullscreen\" data-mce-fragment=\"1\"><\/iframe><\/p>\n\t\t<\/div>\n\t\t<\/div><\/div><\/div><\/div><div class=\"vc_row-full-width vc_clearfix\"><\/div><div class=\"vc_row wpb_row vc_row-fluid vc_custom_1498580074265 vc_row-o-equal-height vc_row-flex\"><div class=\"wpb_column vc_column_container vc_col-sm-12 vc_col-lg-6 vc_col-md-6 vc_col-has-fill\"><div class=\"vc_column-inner vc_custom_1496932335926\"><div class=\"wpb_wrapper\">\n\t\t<div id=\"wd-67763394aba3f\" class=\"title-wrapper wd-wpb wd-set-mb reset-last-child  wd-rs-67763394aba3f wd-title-color-default wd-title-style-bordered text-left vc_custom_1735799707812 wd-underline-colored\">\n\t\t\t\n\t\t\t<div class=\"liner-continer\">\n\t\t\t\t<h4 class=\"woodmart-title-container title  wd-font-weight- wd-fontsize-l\" >KONTAKTFORMULAR<\/h4>\n\t\t\t\t\t\t\t<\/div>\n\t\t\t\n\t\t\t\n\t\t\t\n\t\t<\/div>\n\t\t\n\t\t\n<div class=\"wpcf7 no-js\" id=\"wpcf7-f5536-o1\" lang=\"tr-TR\" dir=\"ltr\" data-wpcf7-id=\"5536\">\n<div class=\"screen-reader-response\"><p role=\"status\" aria-live=\"polite\" aria-atomic=\"true\"><\/p> <ul><\/ul><\/div>\n<form action=\"\/de\/wp-json\/wp\/v2\/pages\/5533#wpcf7-f5536-o1\" method=\"post\" class=\"wpcf7-form init\" aria-label=\"\u0130leti\u015fim Formu\" novalidate=\"novalidate\" data-status=\"init\" data-trp-original-action=\"\/de\/wp-json\/wp\/v2\/pages\/5533#wpcf7-f5536-o1\">\n<fieldset class=\"hidden-fields-container\"><input type=\"hidden\" name=\"_wpcf7\" value=\"5536\" \/><input type=\"hidden\" name=\"_wpcf7_version\" value=\"6.1.4\" \/><input type=\"hidden\" name=\"_wpcf7_locale\" value=\"tr_TR\" \/><input type=\"hidden\" name=\"_wpcf7_unit_tag\" value=\"wpcf7-f5536-o1\" \/><input type=\"hidden\" name=\"_wpcf7_container_post\" value=\"0\" \/><input type=\"hidden\" name=\"_wpcf7_posted_data_hash\" value=\"\" \/>\n<\/fieldset>\n<div class=\"row\">\n\t<p class=\"col-md-6\"><label>Vorname Nachname<\/label><span class=\"wpcf7-form-control-wrap\" data-name=\"your-name\"><input size=\"40\" maxlength=\"400\" class=\"wpcf7-form-control wpcf7-text wpcf7-validates-as-required\" aria-required=\"true\" aria-invalid=\"false\" value=\"\" type=\"text\" name=\"your-name\" \/><\/span>\n\t<\/p>\n\t<p class=\"col-md-6\"><label>E-mail<\/label><span class=\"wpcf7-form-control-wrap\" data-name=\"your-email\"><input size=\"40\" maxlength=\"400\" class=\"wpcf7-form-control wpcf7-email wpcf7-validates-as-required wpcf7-text wpcf7-validates-as-email\" aria-required=\"true\" aria-invalid=\"false\" value=\"\" type=\"email\" name=\"your-email\" \/><\/span>\n\t<\/p>\n<\/div>\n<div class=\"row\">\n\t<p class=\"col-md-6\"><label>Telefon<\/label><span class=\"wpcf7-form-control-wrap\" data-name=\"tel-767\"><input size=\"40\" maxlength=\"400\" class=\"wpcf7-form-control wpcf7-tel wpcf7-text wpcf7-validates-as-tel\" aria-invalid=\"false\" value=\"\" type=\"tel\" name=\"tel-767\" \/><\/span>\n\t<\/p>\n\t<p class=\"col-md-6\"><label>Unternehmen<\/label><span class=\"wpcf7-form-control-wrap\" data-name=\"text-1\"><input size=\"40\" maxlength=\"400\" class=\"wpcf7-form-control wpcf7-text\" aria-invalid=\"false\" value=\"\" type=\"text\" name=\"text-1\" \/><\/span>\n\t<\/p>\n<\/div>\n<p><label>Ihre Nachricht...<\/label><span class=\"wpcf7-form-control-wrap\" data-name=\"your-message\"><textarea cols=\"40\" rows=\"10\" maxlength=\"2000\" class=\"wpcf7-form-control wpcf7-textarea\" aria-invalid=\"false\" name=\"your-message\"><\/textarea><\/span>\n<\/p>\n<p><input class=\"wpcf7-form-control wpcf7-submit has-spinner btn-color-black\" type=\"submit\" value=\"FORMULAR SENDEN\" \/>\n<\/p><div class=\"wpcf7-response-output\" aria-hidden=\"true\"><\/div>\n<input type=\"hidden\" name=\"trp-form-language\" value=\"de\"\/><\/form>\n<\/div>\n<\/div><\/div><\/div><div class=\"wpb_column vc_column_container vc_col-sm-12 vc_col-lg-6 vc_col-md-6\"><div class=\"vc_column-inner vc_custom_1496932331302\"><div class=\"wpb_wrapper\">\n\t\t<div id=\"wd-677630eef2be0\" class=\"title-wrapper wd-wpb wd-set-mb reset-last-child  wd-rs-677630eef2be0 wd-title-color-default wd-title-style-bordered text-left vc_custom_1735799030588 wd-underline-colored\">\n\t\t\t\n\t\t\t<div class=\"liner-continer\">\n\t\t\t\t<h4 class=\"woodmart-title-container title  wd-font-weight- wd-fontsize-l\" >UNSERE KONTAKTINFORMATIONEN<\/h4>\n\t\t\t\t\t\t\t<\/div>\n\t\t\t\n\t\t\t\n\t\t\t\n\t\t<\/div>\n\t\t\n\t\t<div class=\"vc_row wpb_row vc_inner vc_row-fluid vc_custom_1484253288811\"><div class=\"wpb_column vc_column_container vc_col-sm-12 wd-rs-677630e609305\"><div class=\"vc_column-inner\"><div class=\"wpb_wrapper\">\n\t\t<ul class=\"wd-rs-67a0774289895 wd-list wd-wpb color-scheme- wd-fontsize-s wd-type-icon wd-style-default text-left\" id=\"wd-67a0774289895\">\n\t\t\t\t\t\t\t\t\t\t\t<li>\n\t\t\t\t\t<span class=\"wd-icon list-icon fas fa-map-marker-alt\"><\/span>\n\t\t\t\t\t<span class=\"wd-list-content list-content\">\n\t\t\t\t\t\t\t\t\t\t\t\t\t\u0130kitelli OSB \u00c7evre Sanayi Sitesi 9.Blok No:1-2-3-4-6-8, \n34490- Ba\u015fak\u015fehir\/\u0130stanbul - TURKEY\t\t\t\t\t\t\t\t\t\t\t<\/span>\n\t\t\t\t<\/li>\n\t\t\t\t\t<\/ul>\n\t\t\n\t\t<ul class=\"wd-rs-67a0772bb53fb wd-list wd-wpb color-scheme- wd-fontsize-s wd-type-icon wd-style-default text-left\" id=\"wd-67a0772bb53fb\">\n\t\t\t\t\t\t\t\t\t\t\t<li>\n\t\t\t\t\t<span class=\"wd-icon list-icon fas fa-phone-volume\"><\/span>\n\t\t\t\t\t<span class=\"wd-list-content list-content\">\n\t\t\t\t\t\t\t\t\t\t\t\t\t<a href=\"tel:902124862890\" title=\"\">\n\t\t\t\t\t\t\t\t+90 212 486 28 90\t\t\t\t\t\t\t<\/a>\n\t\t\t\t\t\t\t\t\t\t\t<\/span>\n\t\t\t\t<\/li>\n\t\t\t\t\t<\/ul>\n\t\t\n\t\t<ul class=\"wd-rs-67a0751718b40 wd-list wd-wpb color-scheme- wd-fontsize-s wd-type-icon wd-style-default text-left\" id=\"wd-67a0751718b40\">\n\t\t\t\t\t\t\t\t\t\t\t<li>\n\t\t\t\t\t<span class=\"wd-icon list-icon fas fa-fax\"><\/span>\n\t\t\t\t\t<span class=\"wd-list-content list-content\">\n\t\t\t\t\t\t\t\t\t\t\t\t\t<a href=\"tel:902124862890\" title=\"\">\n\t\t\t\t\t\t\t\t+90 212 486 28 92\t\t\t\t\t\t\t<\/a>\n\t\t\t\t\t\t\t\t\t\t\t<\/span>\n\t\t\t\t<\/li>\n\t\t\t\t\t<\/ul>\n\t\t\n\t\t<ul class=\"wd-rs-6776337c4f6f3 wd-list wd-wpb color-scheme- wd-fontsize-s wd-type-icon wd-style-default text-left\" id=\"wd-6776337c4f6f3\">\n\t\t\t\t\t\t\t\t\t\t\t<li>\n\t\t\t\t\t<span class=\"wd-icon list-icon far fa-envelope\"><\/span>\n\t\t\t\t\t<span class=\"wd-list-content list-content\">\n\t\t\t\t\t\t\t\t\t\t\t\t\t<a href=\"mailto:info@erdogantoka.com\" title=\"\">\n\t\t\t\t\t\t\t\tinfo@erdogantoka.com\t\t\t\t\t\t\t<\/a>\n\t\t\t\t\t\t\t\t\t\t\t<\/span>\n\t\t\t\t<\/li>\n\t\t\t\t\t<\/ul>\n\t\t<\/div><\/div><\/div><\/div><div class=\"vc_separator wpb_content_element vc_separator_align_center vc_sep_width_100 vc_sep_pos_align_center vc_separator_no_text vc_custom_1738577671784\" ><span class=\"vc_sep_holder vc_sep_holder_l\"><span style=\"border-color:#555555;\" class=\"vc_sep_line\"><\/span><\/span><span class=\"vc_sep_holder vc_sep_holder_r\"><span style=\"border-color:#555555;\" class=\"vc_sep_line\"><\/span><\/span>\n<\/div><div class=\"vc_row wpb_row vc_inner vc_row-fluid\"><div class=\"wpb_column vc_column_container vc_col-sm-6\"><div class=\"vc_column-inner\"><div class=\"wpb_wrapper\">\n\t\t<div id=\"wd-67a0949d384b3\" class=\"title-wrapper wd-wpb wd-set-mb reset-last-child  wd-rs-67a0949d384b3 wd-title-color-default wd-title-style-default text-left  wd-underline-colored\">\n\t\t\t\n\t\t\t<div class=\"liner-continer\">\n\t\t\t\t<h4 class=\"woodmart-title-container title  wd-font-weight- wd-fontsize-l\" >Sat\u0131\u015f Departman\u0131<\/h4>\n\t\t\t\t\t\t\t<\/div>\n\t\t\t\n\t\t\t\n\t\t\t\n\t\t<\/div>\n\t\t\n\t\t\n\t\t<ul class=\"wd-rs-67a094b5d011f wd-list wd-wpb color-scheme- wd-fontsize-s wd-type-icon wd-style-default text-left\" id=\"wd-67a094b5d011f\">\n\t\t\t\t\t\t\t\t\t\t\t<li>\n\t\t\t\t\t<span class=\"wd-icon list-icon fas fa-mobile-alt\"><\/span>\n\t\t\t\t\t<span class=\"wd-list-content list-content\">\n\t\t\t\t\t\t\t\t\t\t\t\t\t<a href=\"tel:+90 541 738 06 74\" title=\"\">\n\t\t\t\t\t\t\t\t+90 541 738 06 74\t\t\t\t\t\t\t<\/a>\n\t\t\t\t\t\t\t\t\t\t\t<\/span>\n\t\t\t\t<\/li>\n\t\t\t\t\t<\/ul>\n\t\t\n\t\t<ul class=\"wd-rs-67a095b2267be wd-list wd-wpb color-scheme- wd-fontsize-s wd-type-icon wd-style-default text-left\" id=\"wd-67a095b2267be\">\n\t\t\t\t\t\t\t\t\t\t\t<li>\n\t\t\t\t\t<span class=\"wd-icon list-icon far fa-envelope\"><\/span>\n\t\t\t\t\t<span class=\"wd-list-content list-content\">\n\t\t\t\t\t\t\t\t\t\t\t\t\t<a href=\"mailto:siparis@erdogantoka.com\" title=\"\">\n\t\t\t\t\t\t\t\tsiparis@erdogantoka.com\t\t\t\t\t\t\t<\/a>\n\t\t\t\t\t\t\t\t\t\t\t<\/span>\n\t\t\t\t<\/li>\n\t\t\t\t\t<\/ul>\n\t\t<\/div><\/div><\/div><div class=\"wpb_column vc_column_container vc_col-sm-6\"><div class=\"vc_column-inner\"><div class=\"wpb_wrapper\">\n\t\t<div id=\"wd-67a0961aa0720\" class=\"title-wrapper wd-wpb wd-set-mb reset-last-child  wd-rs-67a0961aa0720 wd-title-color-default wd-title-style-default text-left  wd-underline-colored\">\n\t\t\t\n\t\t\t<div class=\"liner-continer\">\n\t\t\t\t<h4 class=\"woodmart-title-container title  wd-font-weight- wd-fontsize-l\" >Sales Department (English):<\/h4>\n\t\t\t\t\t\t\t<\/div>\n\t\t\t\n\t\t\t\n\t\t\t\n\t\t<\/div>\n\t\t\n\t\t\n\t\t<ul class=\"wd-rs-67a0962ae4277 wd-list wd-wpb color-scheme- wd-fontsize-s wd-type-icon wd-style-default text-left\" id=\"wd-67a0962ae4277\">\n\t\t\t\t\t\t\t\t\t\t\t<li>\n\t\t\t\t\t<span class=\"wd-icon list-icon fas fa-mobile-alt\"><\/span>\n\t\t\t\t\t<span class=\"wd-list-content list-content\">\n\t\t\t\t\t\t\t\t\t\t\t\t\t<a href=\"tel:+90 532 131 06 07\" title=\"\">\n\t\t\t\t\t\t\t\t+90 532 131 06 07\t\t\t\t\t\t\t<\/a>\n\t\t\t\t\t\t\t\t\t\t\t<\/span>\n\t\t\t\t<\/li>\n\t\t\t\t\t<\/ul>\n\t\t\n\t\t<ul class=\"wd-rs-67a0963b16064 wd-list wd-wpb color-scheme- wd-fontsize-s wd-type-icon wd-style-default text-left\" id=\"wd-67a0963b16064\">\n\t\t\t\t\t\t\t\t\t\t\t<li>\n\t\t\t\t\t<span class=\"wd-icon list-icon far fa-envelope\"><\/span>\n\t\t\t\t\t<span class=\"wd-list-content list-content\">\n\t\t\t\t\t\t\t\t\t\t\t\t\t<a href=\"mailto:e.eroglu@erdogantoka.com\" title=\"\">\n\t\t\t\t\t\t\t\te.eroglu@erdogantoka.com\t\t\t\t\t\t\t<\/a>\n\t\t\t\t\t\t\t\t\t\t\t<\/span>\n\t\t\t\t<\/li>\n\t\t\t\t\t<\/ul>\n\t\t<\/div><\/div><\/div><\/div><\/div><\/div><\/div><\/div>\n<\/div>","protected":false},"excerpt":{"rendered":"\u0130LET\u0130\u015e\u0130M FORMU Ad Syad E-mail Telefon Firma Mesaj\u0131n\u0131z... \u0130LET\u0130\u015e\u0130M B\u0130LG\u0130LER\u0130M\u0130Z \u0130kitelli OSB \u00c7evre Sanayi Sitesi 9.Blok No:1-2-3-4-6-8, 34490- Ba\u015fak\u015fehir\/\u0130stanbul -","protected":false},"author":1,"featured_media":0,"parent":0,"menu_order":0,"comment_status":"closed","ping_status":"closed","template":"","meta":{"footnotes":""},"class_list":["post-5533","page","type-page","status-publish","hentry"],"yoast_head":"<!-- This site is optimized with the Yoast SEO Premium plugin v24.5 (Yoast SEO v26.8) - https:\/\/yoast.com\/product\/yoast-seo-premium-wordpress\/ -->\n<title>\u0130leti\u015fim - Erdo\u011fan Toka<\/title>\n<meta name=\"robots\" content=\"index, follow, max-snippet:-1, max-image-preview:large, max-video-preview:-1\" \/>\n<link rel=\"canonical\" href=\"https:\/\/www.erdogantoka.com\/de\/iletisim\/\" \/>\n<meta property=\"og:locale\" content=\"de_DE\" \/>\n<meta property=\"og:type\" content=\"article\" \/>\n<meta property=\"og:title\" content=\"\u0130leti\u015fim\" \/>\n<meta property=\"og:url\" content=\"https:\/\/www.erdogantoka.com\/de\/iletisim\/\" \/>\n<meta property=\"og:site_name\" content=\"Erdo\u011fan Toka\" \/>\n<meta property=\"article:publisher\" content=\"https:\/\/www.facebook.com\/erdogan.toka\" \/>\n<meta property=\"article:modified_time\" content=\"2025-02-03T10:12:42+00:00\" \/>\n<meta name=\"twitter:card\" content=\"summary_large_image\" \/>\n<meta name=\"twitter:label1\" content=\"Gesch\u00e4tzte Lesezeit\" \/>\n\t<meta name=\"twitter:data1\" content=\"7\u00a0Minuten\" \/>\n<script type=\"application\/ld+json\" class=\"yoast-schema-graph\">{\"@context\":\"https:\/\/schema.org\",\"@graph\":[{\"@type\":\"WebPage\",\"@id\":\"https:\/\/www.erdogantoka.com\/iletisim\/\",\"url\":\"https:\/\/www.erdogantoka.com\/iletisim\/\",\"name\":\"\u0130leti\u015fim - Erdo\u011fan Toka\",\"isPartOf\":{\"@id\":\"https:\/\/www.erdogantoka.com\/#website\"},\"datePublished\":\"2025-01-03T09:11:52+00:00\",\"dateModified\":\"2025-02-03T10:12:42+00:00\",\"breadcrumb\":{\"@id\":\"https:\/\/www.erdogantoka.com\/iletisim\/#breadcrumb\"},\"inLanguage\":\"de\",\"potentialAction\":[{\"@type\":\"ReadAction\",\"target\":[\"https:\/\/www.erdogantoka.com\/iletisim\/\"]}]},{\"@type\":\"BreadcrumbList\",\"@id\":\"https:\/\/www.erdogantoka.com\/iletisim\/#breadcrumb\",\"itemListElement\":[{\"@type\":\"ListItem\",\"position\":1,\"name\":\"Anasayfa\",\"item\":\"https:\/\/www.erdogantoka.com\/\"},{\"@type\":\"ListItem\",\"position\":2,\"name\":\"\u0130leti\u015fim\"}]},{\"@type\":\"WebSite\",\"@id\":\"https:\/\/www.erdogantoka.com\/#website\",\"url\":\"https:\/\/www.erdogantoka.com\/\",\"name\":\"Erdo\u011fan Toka\",\"description\":\"\",\"publisher\":{\"@id\":\"https:\/\/www.erdogantoka.com\/#organization\"},\"potentialAction\":[{\"@type\":\"SearchAction\",\"target\":{\"@type\":\"EntryPoint\",\"urlTemplate\":\"https:\/\/www.erdogantoka.com\/?s={search_term_string}\"},\"query-input\":{\"@type\":\"PropertyValueSpecification\",\"valueRequired\":true,\"valueName\":\"search_term_string\"}}],\"inLanguage\":\"de\"},{\"@type\":[\"Organization\",\"Place\",\"Corporation\"],\"@id\":\"https:\/\/www.erdogantoka.com\/#organization\",\"name\":\"Erdo\u011fan Toka\",\"url\":\"https:\/\/www.erdogantoka.com\/\",\"logo\":{\"@id\":\"https:\/\/www.erdogantoka.com\/iletisim\/#local-main-organization-logo\"},\"image\":{\"@id\":\"https:\/\/www.erdogantoka.com\/iletisim\/#local-main-organization-logo\"},\"sameAs\":[\"https:\/\/www.facebook.com\/erdogan.toka\"],\"address\":{\"@id\":\"https:\/\/www.erdogantoka.com\/iletisim\/#local-main-place-address\"},\"geo\":{\"@type\":\"GeoCoordinates\",\"latitude\":\"41.095199\",\"longitude\":\"28.797095\"},\"telephone\":[\"+90 212 486 28 90\",\"+90 212 486 28 92\"],\"contactPoint\":{\"@type\":\"ContactPoint\",\"email\":\"info@erdogantoka.com\"},\"openingHoursSpecification\":[{\"@type\":\"OpeningHoursSpecification\",\"dayOfWeek\":[\"Monday\",\"Tuesday\",\"Wednesday\",\"Thursday\",\"Friday\"],\"opens\":\"07:00\",\"closes\":\"17:00\"},{\"@type\":\"OpeningHoursSpecification\",\"dayOfWeek\":[\"Saturday\",\"Sunday\"],\"opens\":\"00:00\",\"closes\":\"00:00\"}],\"email\":\"info@erdogantoka.com\"},{\"@type\":\"PostalAddress\",\"@id\":\"https:\/\/www.erdogantoka.com\/iletisim\/#local-main-place-address\",\"streetAddress\":\"\u0130kitelli OSB \u00c7evre Sanayi Sitesi 9.Blok No:1-2-3-4-6-8, 34490- Ba\u015fak\u015fehir\/\u0130stanbul - TURKEY\",\"addressLocality\":\"\u0130stanbul\",\"postalCode\":\"34490\",\"addressCountry\":\"TR\"},{\"@type\":\"ImageObject\",\"inLanguage\":\"de\",\"@id\":\"https:\/\/www.erdogantoka.com\/iletisim\/#local-main-organization-logo\",\"url\":\"https:\/\/www.erdogantoka.com\/wp-content\/uploads\/2024\/10\/erdoganlogo.webp\",\"contentUrl\":\"https:\/\/www.erdogantoka.com\/wp-content\/uploads\/2024\/10\/erdoganlogo.webp\",\"width\":1000,\"height\":266,\"caption\":\"Erdo\u011fan Toka\"}]}<\/script>\n<meta name=\"geo.placename\" content=\"\u0130stanbul\" \/>\n<meta name=\"geo.position\" content=\"41.095199;28.797095\" \/>\n<meta name=\"geo.region\" content=\"Turkey\" \/>\n<!-- \/ Yoast SEO Premium plugin. -->","yoast_head_json":{"title":"\u0130leti\u015fim - Erdo\u011fan Toka","robots":{"index":"index","follow":"follow","max-snippet":"max-snippet:-1","max-image-preview":"max-image-preview:large","max-video-preview":"max-video-preview:-1"},"canonical":"https:\/\/www.erdogantoka.com\/de\/iletisim\/","og_locale":"de_DE","og_type":"article","og_title":"\u0130leti\u015fim","og_url":"https:\/\/www.erdogantoka.com\/de\/iletisim\/","og_site_name":"Erdo\u011fan Toka","article_publisher":"https:\/\/www.facebook.com\/erdogan.toka","article_modified_time":"2025-02-03T10:12:42+00:00","twitter_card":"summary_large_image","twitter_misc":{"Gesch\u00e4tzte Lesezeit":"7\u00a0Minuten"},"schema":{"@context":"https:\/\/schema.org","@graph":[{"@type":"WebPage","@id":"https:\/\/www.erdogantoka.com\/iletisim\/","url":"https:\/\/www.erdogantoka.com\/iletisim\/","name":"\u0130leti\u015fim - Erdo\u011fan Toka","isPartOf":{"@id":"https:\/\/www.erdogantoka.com\/#website"},"datePublished":"2025-01-03T09:11:52+00:00","dateModified":"2025-02-03T10:12:42+00:00","breadcrumb":{"@id":"https:\/\/www.erdogantoka.com\/iletisim\/#breadcrumb"},"inLanguage":"de","potentialAction":[{"@type":"ReadAction","target":["https:\/\/www.erdogantoka.com\/iletisim\/"]}]},{"@type":"BreadcrumbList","@id":"https:\/\/www.erdogantoka.com\/iletisim\/#breadcrumb","itemListElement":[{"@type":"ListItem","position":1,"name":"Anasayfa","item":"https:\/\/www.erdogantoka.com\/"},{"@type":"ListItem","position":2,"name":"\u0130leti\u015fim"}]},{"@type":"WebSite","@id":"https:\/\/www.erdogantoka.com\/#website","url":"https:\/\/www.erdogantoka.com\/","name":"Erdo\u011fan Toka","description":"","publisher":{"@id":"https:\/\/www.erdogantoka.com\/#organization"},"potentialAction":[{"@type":"SearchAction","target":{"@type":"EntryPoint","urlTemplate":"https:\/\/www.erdogantoka.com\/?s={search_term_string}"},"query-input":{"@type":"PropertyValueSpecification","valueRequired":true,"valueName":"search_term_string"}}],"inLanguage":"de"},{"@type":["Organization","Place","Corporation"],"@id":"https:\/\/www.erdogantoka.com\/#organization","name":"Erdo\u011fan Toka","url":"https:\/\/www.erdogantoka.com\/","logo":{"@id":"https:\/\/www.erdogantoka.com\/iletisim\/#local-main-organization-logo"},"image":{"@id":"https:\/\/www.erdogantoka.com\/iletisim\/#local-main-organization-logo"},"sameAs":["https:\/\/www.facebook.com\/erdogan.toka"],"address":{"@id":"https:\/\/www.erdogantoka.com\/iletisim\/#local-main-place-address"},"geo":{"@type":"GeoCoordinates","latitude":"41.095199","longitude":"28.797095"},"telephone":["+90 212 486 28 90","+90 212 486 28 92"],"contactPoint":{"@type":"ContactPoint","email":"info@erdogantoka.com"},"openingHoursSpecification":[{"@type":"OpeningHoursSpecification","dayOfWeek":["Monday","Tuesday","Wednesday","Thursday","Friday"],"opens":"07:00","closes":"17:00"},{"@type":"OpeningHoursSpecification","dayOfWeek":["Saturday","Sunday"],"opens":"00:00","closes":"00:00"}],"email":"info@erdogantoka.com"},{"@type":"PostalAddress","@id":"https:\/\/www.erdogantoka.com\/iletisim\/#local-main-place-address","streetAddress":"\u0130kitelli OSB \u00c7evre Sanayi Sitesi 9.Blok No:1-2-3-4-6-8, 34490- Ba\u015fak\u015fehir\/\u0130stanbul - TURKEY","addressLocality":"\u0130stanbul","postalCode":"34490","addressCountry":"TR"},{"@type":"ImageObject","inLanguage":"de","@id":"https:\/\/www.erdogantoka.com\/iletisim\/#local-main-organization-logo","url":"https:\/\/www.erdogantoka.com\/wp-content\/uploads\/2024\/10\/erdoganlogo.webp","contentUrl":"https:\/\/www.erdogantoka.com\/wp-content\/uploads\/2024\/10\/erdoganlogo.webp","width":1000,"height":266,"caption":"Erdo\u011fan Toka"}]},"geo.placename":"\u0130stanbul","geo.position":{"lat":"41.095199","long":"28.797095"},"geo.region":"Turkey"},"_links":{"self":[{"href":"https:\/\/www.erdogantoka.com\/de\/wp-json\/wp\/v2\/pages\/5533","targetHints":{"allow":["GET"]}}],"collection":[{"href":"https:\/\/www.erdogantoka.com\/de\/wp-json\/wp\/v2\/pages"}],"about":[{"href":"https:\/\/www.erdogantoka.com\/de\/wp-json\/wp\/v2\/types\/page"}],"author":[{"embeddable":true,"href":"https:\/\/www.erdogantoka.com\/de\/wp-json\/wp\/v2\/users\/1"}],"replies":[{"embeddable":true,"href":"https:\/\/www.erdogantoka.com\/de\/wp-json\/wp\/v2\/comments?post=5533"}],"version-history":[{"count":10,"href":"https:\/\/www.erdogantoka.com\/de\/wp-json\/wp\/v2\/pages\/5533\/revisions"}],"predecessor-version":[{"id":5615,"href":"https:\/\/www.erdogantoka.com\/de\/wp-json\/wp\/v2\/pages\/5533\/revisions\/5615"}],"wp:attachment":[{"href":"https:\/\/www.erdogantoka.com\/de\/wp-json\/wp\/v2\/media?parent=5533"}],"curies":[{"name":"wp","href":"https:\/\/api.w.org\/{rel}","templated":true}]}}