{"id":5349,"date":"2025-01-02T11:22:40","date_gmt":"2025-01-02T08:22:40","guid":{"rendered":"https:\/\/www.erdogantoka.com\/?page_id=5349"},"modified":"2025-04-29T17:23:24","modified_gmt":"2025-04-29T14:23:24","slug":"geri-donusum","status":"publish","type":"page","link":"https:\/\/www.erdogantoka.com\/en\/geri-donusum\/","title":{"rendered":"Recycle"},"content":{"rendered":"<div class=\"wpb-content-wrapper\"><div class=\"vc_row wpb_row vc_row-fluid\"><div class=\"wpb_column vc_column_container vc_col-sm-12\"><div class=\"vc_column-inner\"><div class=\"wpb_wrapper\">\n\t\t<div id=\"wd-6776561907f81\" class=\"title-wrapper wd-wpb wd-set-mb reset-last-child  wd-rs-6776561907f81 wd-title-color-default wd-title-style-simple text-center  wd-width-custom wd-underline-colored\">\n\t\t\t\n\t\t\t<div class=\"liner-continer\">\n\t\t\t\t<h4 class=\"woodmart-title-container title  wd-font-weight- wd-fontsize-xxl\" >Metal and Plastic Recycling: Contribution to Nature and Economy<\/h4>\n\t\t\t\t\t\t\t<\/div>\n\t\t\t\n\t\t\t\n\t\t\t\n\t\t<\/div>\n\t\t\n\t\t\t\t<div id=\"wd-6810e0b27784d\" class=\"wd-text-block wd-wpb reset-last-child wd-rs-6810e0b27784d text-center wd-fontsize-custom vc_custom_1745936817594\">\n\t\t\t<p>Recycling is of great importance in terms of protecting limited natural resources, saving energy and reducing the amount of waste. In this process, metal and plastic recycling attracts attention with its benefits to nature and economic returns.<\/p>\n\t\t<\/div>\n\t\t<div class=\"vc_empty_space\"   style=\"height: 32px\"><span class=\"vc_empty_space_inner\"><\/span><\/div><\/div><\/div><\/div><\/div><div data-vc-full-width=\"true\" data-vc-full-width-temp=\"true\" data-vc-full-width-init=\"false\" data-vc-stretch-content=\"true\" class=\"vc_row wpb_row vc_row-fluid vc_row-o-equal-height vc_row-flex wd-rs-61095a7c2b599\"><div class=\"wpb_column vc_column_container vc_col-sm-6 vc_col-has-fill wd-rs-677653838227e\"><div class=\"vc_column-inner vc_custom_1735807911520\"><div class=\"wpb_wrapper\"><\/div><\/div><\/div><div class=\"wpb_column vc_column_container vc_col-sm-6 wd-rs-610928fd576a8\"><div class=\"vc_column-inner vc_custom_1627990272248\"><div class=\"wpb_wrapper\">\n\t\t<div id=\"wd-677655d58f9ed\" class=\"title-wrapper wd-wpb wd-set-mb reset-last-child  wd-rs-677655d58f9ed wd-title-color-default wd-title-style-simple text-center  wd-width-custom wd-underline-colored\">\n\t\t\t\n\t\t\t<div class=\"liner-continer\">\n\t\t\t\t<h4 class=\"woodmart-title-container title  wd-font-weight- wd-fontsize-xxl\" >Metal Recycling<\/h4>\n\t\t\t\t\t\t\t<\/div>\n\t\t\t\n\t\t\t\n\t\t\t\n\t\t<\/div>\n\t\t\n\t\t\t\t<div id=\"wd-6810e0bf9df1f\" class=\"wd-text-block wd-wpb reset-last-child wd-rs-6810e0bf9df1f text-left wd-fontsize-custom vc_custom_1745936829682\">\n\t\t\t<p>Metals are among the materials with the highest recyclability rate. Metals can be processed again and again into new products.<\/p>\n<p><strong>Energy Saving:<\/strong> Metal recycling uses 95% less energy than producing new metal.<\/p>\n<p><strong>Raw Material Conservation:<\/strong> By recycling, the amount of minerals extracted is reduced and natural resources are protected.<\/p>\n<p><strong>Economic Value:<\/strong> The sale of scrap metals contributes to recycling economically.<\/p>\n\t\t<\/div>\n\t\t<div class=\"vc_empty_space\"   style=\"height: 22px\"><span class=\"vc_empty_space_inner\"><\/span><\/div><\/div><\/div><\/div><\/div><div class=\"vc_row-full-width vc_clearfix\"><\/div><div data-vc-full-width=\"true\" data-vc-full-width-temp=\"true\" data-vc-full-width-init=\"false\" data-vc-stretch-content=\"true\" class=\"vc_row wpb_row vc_row-fluid vc_row-o-equal-height vc_row-flex row-reverse-mobile wd-rs-61095a58dc2a2\"><div class=\"wpb_column vc_column_container vc_col-sm-6 wd-rs-677658b930122\"><div class=\"vc_column-inner vc_custom_1735809219987\"><div class=\"wpb_wrapper\">\n\t\t<div id=\"wd-677655cf15b6e\" class=\"title-wrapper wd-wpb wd-set-mb reset-last-child  wd-rs-677655cf15b6e wd-title-color-default wd-title-style-simple text-center  wd-width-custom wd-underline-colored\">\n\t\t\t\n\t\t\t<div class=\"liner-continer\">\n\t\t\t\t<h4 class=\"woodmart-title-container title  wd-font-weight- wd-fontsize-xxl\" >Plastic Recycling<\/h4>\n\t\t\t\t\t\t\t<\/div>\n\t\t\t\n\t\t\t\n\t\t\t\n\t\t<\/div>\n\t\t\n\t\t\t\t<div id=\"wd-6810e0ca6cbec\" class=\"wd-text-block wd-wpb reset-last-child wd-rs-6810e0ca6cbec text-left wd-fontsize-custom vc_custom_1745936839642\">\n\t\t\t<p>Plastic recycling plays a critical role in reducing environmental pollution. While plastics take a long time to decompose in nature, the recycling process brings this waste into the economy.<\/p>\n<p><strong>Energy Efficiency:<\/strong> Less energy is consumed during recycling and savings of up to 80% can be achieved compared to the production of new plastic.<\/p>\n<p><strong>Waste Reduction:<\/strong> Plastic waste is prevented from accumulating in nature, and land and marine ecosystems are protected.<\/p>\n<p><strong>Reuse:<\/strong> Reprocessing of plastics allows the production of new packaging and products.<\/p>\n\t\t<\/div>\n\t\t<div class=\"vc_empty_space\"   style=\"height: 22px\"><span class=\"vc_empty_space_inner\"><\/span><\/div><\/div><\/div><\/div><div data-vc-parallax=\"1.5\" class=\"wpb_column vc_column_container vc_col-sm-6 vc_col-has-fill vc_general vc_parallax vc_parallax-content-moving wd-rs-6776559d1647e\"><div class=\"vc_column-inner vc_custom_1735808431085\"><div class=\"wpb_wrapper\"><\/div><\/div><\/div><\/div><div class=\"vc_row-full-width vc_clearfix\"><\/div><div data-vc-full-width=\"true\" data-vc-full-width-temp=\"true\" data-vc-full-width-init=\"false\" data-vc-stretch-content=\"true\" class=\"vc_row wpb_row vc_row-fluid wd-rs-6776588ae2f0c\"><div class=\"wpb_column vc_column_container vc_col-sm-12 wd-rs-677658edbae5d\"><div class=\"vc_column-inner vc_custom_1735809267114\"><div class=\"wpb_wrapper\"><div class=\"vc_empty_space\"   style=\"height: 22px\"><span class=\"vc_empty_space_inner\"><\/span><\/div>\t\t<div id=\"wd-6810e0d3c3d11\" class=\"wd-text-block wd-wpb reset-last-child wd-rs-6810e0d3c3d11 text-left wd-fontsize-custom vc_custom_1745936848715\">\n\t\t\t<p><strong>Contributions to Society and Industry<\/strong><\/p>\n<p>Metal and plastic recycling provides great benefits not only to nature but also to industry. It reduces raw material costs, creates employment and is an important step towards a sustainable economy.<\/p>\n<p><strong>Conclusion:<\/strong> Metal and plastic recycling is a process that both individuals and industry must undertake responsibly. Supporting this process is critical to leaving a cleaner world for future generations.<\/p>\n\t\t<\/div>\n\t\t<\/div><\/div><\/div><\/div><div class=\"vc_row-full-width vc_clearfix\"><\/div>\n<\/div>","protected":false},"excerpt":{"rendered":"Metal ve Plastik Geri D\u00f6n\u00fc\u015f\u00fcm\u00fc: Do\u011faya ve Ekonomiye Katk\u0131 Geri d\u00f6n\u00fc\u015f\u00fcm, s\u0131n\u0131rl\u0131 do\u011fal kaynaklar\u0131n korunmas\u0131, enerji tasarrufu sa\u011flanmas\u0131 ve at\u0131k","protected":false},"author":1,"featured_media":0,"parent":0,"menu_order":0,"comment_status":"closed","ping_status":"closed","template":"","meta":{"footnotes":""},"class_list":["post-5349","page","type-page","status-publish","hentry"],"yoast_head":"<!-- This site is optimized with the Yoast SEO Premium plugin v24.5 (Yoast SEO v26.8) - https:\/\/yoast.com\/product\/yoast-seo-premium-wordpress\/ -->\n<title>Geri D\u00f6n\u00fc\u015f\u00fcm - Erdo\u011fan Toka<\/title>\n<meta name=\"robots\" content=\"index, follow, max-snippet:-1, max-image-preview:large, max-video-preview:-1\" \/>\n<link rel=\"canonical\" href=\"https:\/\/www.erdogantoka.com\/en\/geri-donusum\/\" \/>\n<meta property=\"og:locale\" content=\"en_US\" \/>\n<meta property=\"og:type\" content=\"article\" \/>\n<meta property=\"og:title\" content=\"Geri D\u00f6n\u00fc\u015f\u00fcm\" \/>\n<meta property=\"og:url\" content=\"https:\/\/www.erdogantoka.com\/en\/geri-donusum\/\" \/>\n<meta property=\"og:site_name\" content=\"Erdo\u011fan Toka\" \/>\n<meta property=\"article:publisher\" content=\"https:\/\/www.facebook.com\/erdogan.toka\" \/>\n<meta property=\"article:modified_time\" content=\"2025-04-29T14:23:24+00:00\" \/>\n<meta name=\"twitter:card\" content=\"summary_large_image\" \/>\n<meta name=\"twitter:label1\" content=\"Est. reading time\" \/>\n\t<meta name=\"twitter:data1\" content=\"4 minutes\" \/>\n<script type=\"application\/ld+json\" class=\"yoast-schema-graph\">{\"@context\":\"https:\/\/schema.org\",\"@graph\":[{\"@type\":\"WebPage\",\"@id\":\"https:\/\/www.erdogantoka.com\/geri-donusum\/\",\"url\":\"https:\/\/www.erdogantoka.com\/geri-donusum\/\",\"name\":\"Geri D\u00f6n\u00fc\u015f\u00fcm - Erdo\u011fan Toka\",\"isPartOf\":{\"@id\":\"https:\/\/www.erdogantoka.com\/#website\"},\"datePublished\":\"2025-01-02T08:22:40+00:00\",\"dateModified\":\"2025-04-29T14:23:24+00:00\",\"breadcrumb\":{\"@id\":\"https:\/\/www.erdogantoka.com\/geri-donusum\/#breadcrumb\"},\"inLanguage\":\"en-US\",\"potentialAction\":[{\"@type\":\"ReadAction\",\"target\":[\"https:\/\/www.erdogantoka.com\/geri-donusum\/\"]}]},{\"@type\":\"BreadcrumbList\",\"@id\":\"https:\/\/www.erdogantoka.com\/geri-donusum\/#breadcrumb\",\"itemListElement\":[{\"@type\":\"ListItem\",\"position\":1,\"name\":\"Anasayfa\",\"item\":\"https:\/\/www.erdogantoka.com\/\"},{\"@type\":\"ListItem\",\"position\":2,\"name\":\"Geri D\u00f6n\u00fc\u015f\u00fcm\"}]},{\"@type\":\"WebSite\",\"@id\":\"https:\/\/www.erdogantoka.com\/#website\",\"url\":\"https:\/\/www.erdogantoka.com\/\",\"name\":\"Erdo\u011fan Toka\",\"description\":\"\",\"publisher\":{\"@id\":\"https:\/\/www.erdogantoka.com\/#organization\"},\"potentialAction\":[{\"@type\":\"SearchAction\",\"target\":{\"@type\":\"EntryPoint\",\"urlTemplate\":\"https:\/\/www.erdogantoka.com\/?s={search_term_string}\"},\"query-input\":{\"@type\":\"PropertyValueSpecification\",\"valueRequired\":true,\"valueName\":\"search_term_string\"}}],\"inLanguage\":\"en-US\"},{\"@type\":[\"Organization\",\"Place\",\"Corporation\"],\"@id\":\"https:\/\/www.erdogantoka.com\/#organization\",\"name\":\"Erdo\u011fan Toka\",\"url\":\"https:\/\/www.erdogantoka.com\/\",\"logo\":{\"@id\":\"https:\/\/www.erdogantoka.com\/geri-donusum\/#local-main-organization-logo\"},\"image\":{\"@id\":\"https:\/\/www.erdogantoka.com\/geri-donusum\/#local-main-organization-logo\"},\"sameAs\":[\"https:\/\/www.facebook.com\/erdogan.toka\"],\"address\":{\"@id\":\"https:\/\/www.erdogantoka.com\/geri-donusum\/#local-main-place-address\"},\"geo\":{\"@type\":\"GeoCoordinates\",\"latitude\":\"41.095199\",\"longitude\":\"28.797095\"},\"telephone\":[\"+90 212 486 28 90\",\"+90 212 486 28 92\"],\"contactPoint\":{\"@type\":\"ContactPoint\",\"email\":\"info@erdogantoka.com\"},\"openingHoursSpecification\":[{\"@type\":\"OpeningHoursSpecification\",\"dayOfWeek\":[\"Monday\",\"Tuesday\",\"Wednesday\",\"Thursday\",\"Friday\"],\"opens\":\"07:00\",\"closes\":\"17:00\"},{\"@type\":\"OpeningHoursSpecification\",\"dayOfWeek\":[\"Saturday\",\"Sunday\"],\"opens\":\"00:00\",\"closes\":\"00:00\"}],\"email\":\"info@erdogantoka.com\"},{\"@type\":\"PostalAddress\",\"@id\":\"https:\/\/www.erdogantoka.com\/geri-donusum\/#local-main-place-address\",\"streetAddress\":\"\u0130kitelli OSB \u00c7evre Sanayi Sitesi 9.Blok No:1-2-3-4-6-8, 34490- Ba\u015fak\u015fehir\/\u0130stanbul - TURKEY\",\"addressLocality\":\"\u0130stanbul\",\"postalCode\":\"34490\",\"addressCountry\":\"TR\"},{\"@type\":\"ImageObject\",\"inLanguage\":\"en-US\",\"@id\":\"https:\/\/www.erdogantoka.com\/geri-donusum\/#local-main-organization-logo\",\"url\":\"https:\/\/www.erdogantoka.com\/wp-content\/uploads\/2024\/10\/erdoganlogo.webp\",\"contentUrl\":\"https:\/\/www.erdogantoka.com\/wp-content\/uploads\/2024\/10\/erdoganlogo.webp\",\"width\":1000,\"height\":266,\"caption\":\"Erdo\u011fan Toka\"}]}<\/script>\n<meta name=\"geo.placename\" content=\"\u0130stanbul\" \/>\n<meta name=\"geo.position\" content=\"41.095199;28.797095\" \/>\n<meta name=\"geo.region\" content=\"Turkey\" \/>\n<!-- \/ Yoast SEO Premium plugin. -->","yoast_head_json":{"title":"Geri D\u00f6n\u00fc\u015f\u00fcm - Erdo\u011fan Toka","robots":{"index":"index","follow":"follow","max-snippet":"max-snippet:-1","max-image-preview":"max-image-preview:large","max-video-preview":"max-video-preview:-1"},"canonical":"https:\/\/www.erdogantoka.com\/en\/geri-donusum\/","og_locale":"en_US","og_type":"article","og_title":"Geri D\u00f6n\u00fc\u015f\u00fcm","og_url":"https:\/\/www.erdogantoka.com\/en\/geri-donusum\/","og_site_name":"Erdo\u011fan Toka","article_publisher":"https:\/\/www.facebook.com\/erdogan.toka","article_modified_time":"2025-04-29T14:23:24+00:00","twitter_card":"summary_large_image","twitter_misc":{"Est. reading time":"4 minutes"},"schema":{"@context":"https:\/\/schema.org","@graph":[{"@type":"WebPage","@id":"https:\/\/www.erdogantoka.com\/geri-donusum\/","url":"https:\/\/www.erdogantoka.com\/geri-donusum\/","name":"Geri D\u00f6n\u00fc\u015f\u00fcm - Erdo\u011fan Toka","isPartOf":{"@id":"https:\/\/www.erdogantoka.com\/#website"},"datePublished":"2025-01-02T08:22:40+00:00","dateModified":"2025-04-29T14:23:24+00:00","breadcrumb":{"@id":"https:\/\/www.erdogantoka.com\/geri-donusum\/#breadcrumb"},"inLanguage":"en-US","potentialAction":[{"@type":"ReadAction","target":["https:\/\/www.erdogantoka.com\/geri-donusum\/"]}]},{"@type":"BreadcrumbList","@id":"https:\/\/www.erdogantoka.com\/geri-donusum\/#breadcrumb","itemListElement":[{"@type":"ListItem","position":1,"name":"Anasayfa","item":"https:\/\/www.erdogantoka.com\/"},{"@type":"ListItem","position":2,"name":"Geri D\u00f6n\u00fc\u015f\u00fcm"}]},{"@type":"WebSite","@id":"https:\/\/www.erdogantoka.com\/#website","url":"https:\/\/www.erdogantoka.com\/","name":"Erdo\u011fan Toka","description":"","publisher":{"@id":"https:\/\/www.erdogantoka.com\/#organization"},"potentialAction":[{"@type":"SearchAction","target":{"@type":"EntryPoint","urlTemplate":"https:\/\/www.erdogantoka.com\/?s={search_term_string}"},"query-input":{"@type":"PropertyValueSpecification","valueRequired":true,"valueName":"search_term_string"}}],"inLanguage":"en-US"},{"@type":["Organization","Place","Corporation"],"@id":"https:\/\/www.erdogantoka.com\/#organization","name":"Erdo\u011fan Toka","url":"https:\/\/www.erdogantoka.com\/","logo":{"@id":"https:\/\/www.erdogantoka.com\/geri-donusum\/#local-main-organization-logo"},"image":{"@id":"https:\/\/www.erdogantoka.com\/geri-donusum\/#local-main-organization-logo"},"sameAs":["https:\/\/www.facebook.com\/erdogan.toka"],"address":{"@id":"https:\/\/www.erdogantoka.com\/geri-donusum\/#local-main-place-address"},"geo":{"@type":"GeoCoordinates","latitude":"41.095199","longitude":"28.797095"},"telephone":["+90 212 486 28 90","+90 212 486 28 92"],"contactPoint":{"@type":"ContactPoint","email":"info@erdogantoka.com"},"openingHoursSpecification":[{"@type":"OpeningHoursSpecification","dayOfWeek":["Monday","Tuesday","Wednesday","Thursday","Friday"],"opens":"07:00","closes":"17:00"},{"@type":"OpeningHoursSpecification","dayOfWeek":["Saturday","Sunday"],"opens":"00:00","closes":"00:00"}],"email":"info@erdogantoka.com"},{"@type":"PostalAddress","@id":"https:\/\/www.erdogantoka.com\/geri-donusum\/#local-main-place-address","streetAddress":"\u0130kitelli OSB \u00c7evre Sanayi Sitesi 9.Blok No:1-2-3-4-6-8, 34490- Ba\u015fak\u015fehir\/\u0130stanbul - TURKEY","addressLocality":"\u0130stanbul","postalCode":"34490","addressCountry":"TR"},{"@type":"ImageObject","inLanguage":"en-US","@id":"https:\/\/www.erdogantoka.com\/geri-donusum\/#local-main-organization-logo","url":"https:\/\/www.erdogantoka.com\/wp-content\/uploads\/2024\/10\/erdoganlogo.webp","contentUrl":"https:\/\/www.erdogantoka.com\/wp-content\/uploads\/2024\/10\/erdoganlogo.webp","width":1000,"height":266,"caption":"Erdo\u011fan Toka"}]},"geo.placename":"\u0130stanbul","geo.position":{"lat":"41.095199","long":"28.797095"},"geo.region":"Turkey"},"_links":{"self":[{"href":"https:\/\/www.erdogantoka.com\/en\/wp-json\/wp\/v2\/pages\/5349","targetHints":{"allow":["GET"]}}],"collection":[{"href":"https:\/\/www.erdogantoka.com\/en\/wp-json\/wp\/v2\/pages"}],"about":[{"href":"https:\/\/www.erdogantoka.com\/en\/wp-json\/wp\/v2\/types\/page"}],"author":[{"embeddable":true,"href":"https:\/\/www.erdogantoka.com\/en\/wp-json\/wp\/v2\/users\/1"}],"replies":[{"embeddable":true,"href":"https:\/\/www.erdogantoka.com\/en\/wp-json\/wp\/v2\/comments?post=5349"}],"version-history":[{"count":15,"href":"https:\/\/www.erdogantoka.com\/en\/wp-json\/wp\/v2\/pages\/5349\/revisions"}],"predecessor-version":[{"id":5778,"href":"https:\/\/www.erdogantoka.com\/en\/wp-json\/wp\/v2\/pages\/5349\/revisions\/5778"}],"wp:attachment":[{"href":"https:\/\/www.erdogantoka.com\/en\/wp-json\/wp\/v2\/media?parent=5349"}],"curies":[{"name":"wp","href":"https:\/\/api.w.org\/{rel}","templated":true}]}}