{"id":5466,"date":"2025-01-03T02:03:05","date_gmt":"2025-01-02T23:03:05","guid":{"rendered":"https:\/\/www.erdogantoka.com\/?post_type=product&#038;p=5466"},"modified":"2025-01-03T02:03:55","modified_gmt":"2025-01-02T23:03:55","slug":"51566-30mm","status":"publish","type":"product","link":"https:\/\/www.erdogantoka.com\/en\/product\/51566-30mm\/","title":{"rendered":"51566 30mm"},"content":{"rendered":"","protected":false},"excerpt":{"rendered":"<p>\u00d6zel \u015eekilli ve Ta\u015fl\u0131 Tokalar<\/p>\n<p>Malzeme: Zamak<\/p>","protected":false},"featured_media":5467,"comment_status":"open","ping_status":"closed","template":"","meta":[],"product_brand":[],"product_cat":[107,106],"product_tag":[],"class_list":{"0":"post-5466","1":"product","2":"type-product","3":"status-publish","4":"has-post-thumbnail","6":"product_cat-ozel-sekilli-ve-tasli-tokalar","7":"product_cat-ozel-tokalar","9":"first","10":"instock","11":"shipping-taxable","12":"product-type-simple"},"yoast_head":"<!-- This site is optimized with the Yoast SEO Premium plugin v24.5 (Yoast SEO v26.8) - https:\/\/yoast.com\/product\/yoast-seo-premium-wordpress\/ -->\n<title>51566 30mm - Erdo\u011fan Toka<\/title>\n<meta name=\"robots\" content=\"index, follow, max-snippet:-1, max-image-preview:large, max-video-preview:-1\" \/>\n<link rel=\"canonical\" href=\"https:\/\/www.erdogantoka.com\/en\/product\/51566-30mm\/\" \/>\n<meta property=\"og:locale\" content=\"en_US\" \/>\n<meta property=\"og:type\" content=\"article\" \/>\n<meta property=\"og:title\" content=\"51566 30mm\" \/>\n<meta property=\"og:description\" content=\"\u00d6zel \u015eekilli ve Ta\u015fl\u0131 Tokalar  Malzeme: Zamak\" \/>\n<meta property=\"og:url\" content=\"https:\/\/www.erdogantoka.com\/en\/product\/51566-30mm\/\" \/>\n<meta property=\"og:site_name\" content=\"Erdo\u011fan Toka\" \/>\n<meta property=\"article:publisher\" content=\"https:\/\/www.facebook.com\/erdogan.toka\" \/>\n<meta property=\"article:modified_time\" content=\"2025-01-02T23:03:55+00:00\" \/>\n<meta property=\"og:image\" content=\"https:\/\/www.erdogantoka.com\/wp-content\/uploads\/2025\/01\/51566-30_1.webp\" \/>\n\t<meta property=\"og:image:width\" content=\"1200\" \/>\n\t<meta property=\"og:image:height\" content=\"1200\" \/>\n\t<meta property=\"og:image:type\" content=\"image\/webp\" \/>\n<meta name=\"twitter:card\" content=\"summary_large_image\" \/>\n<meta name=\"twitter:label1\" content=\"Price\" \/>\n\t<meta name=\"twitter:data1\" content=\"\" \/>\n\t<meta name=\"twitter:label2\" content=\"Availability\" \/>\n\t<meta name=\"twitter:data2\" content=\"In stock\" \/>\n<script type=\"application\/ld+json\" class=\"yoast-schema-graph\">{\"@context\":\"https:\/\/schema.org\",\"@graph\":[{\"@type\":\"WebPage\",\"@id\":\"https:\/\/www.erdogantoka.com\/urun\/51566-30mm\/\",\"url\":\"https:\/\/www.erdogantoka.com\/urun\/51566-30mm\/\",\"name\":\"51566 30mm - Erdo\u011fan Toka\",\"isPartOf\":{\"@id\":\"https:\/\/www.erdogantoka.com\/#website\"},\"primaryImageOfPage\":{\"@id\":\"https:\/\/www.erdogantoka.com\/urun\/51566-30mm\/#primaryimage\"},\"image\":{\"@id\":\"https:\/\/www.erdogantoka.com\/urun\/51566-30mm\/#primaryimage\"},\"thumbnailUrl\":\"https:\/\/www.erdogantoka.com\/wp-content\/uploads\/2025\/01\/51566-30_1.webp\",\"datePublished\":\"2025-01-02T23:03:05+00:00\",\"dateModified\":\"2025-01-02T23:03:55+00:00\",\"breadcrumb\":{\"@id\":\"https:\/\/www.erdogantoka.com\/urun\/51566-30mm\/#breadcrumb\"},\"inLanguage\":\"en-US\",\"potentialAction\":[{\"@type\":\"ReadAction\",\"target\":[\"https:\/\/www.erdogantoka.com\/urun\/51566-30mm\/\"]}]},{\"@type\":\"ImageObject\",\"inLanguage\":\"en-US\",\"@id\":\"https:\/\/www.erdogantoka.com\/urun\/51566-30mm\/#primaryimage\",\"url\":\"https:\/\/www.erdogantoka.com\/wp-content\/uploads\/2025\/01\/51566-30_1.webp\",\"contentUrl\":\"https:\/\/www.erdogantoka.com\/wp-content\/uploads\/2025\/01\/51566-30_1.webp\",\"width\":1200,\"height\":1200},{\"@type\":\"BreadcrumbList\",\"@id\":\"https:\/\/www.erdogantoka.com\/urun\/51566-30mm\/#breadcrumb\",\"itemListElement\":[{\"@type\":\"ListItem\",\"position\":1,\"name\":\"Anasayfa\",\"item\":\"https:\/\/www.erdogantoka.com\/\"},{\"@type\":\"ListItem\",\"position\":2,\"name\":\"Ma\u011faza\",\"item\":\"https:\/\/www.erdogantoka.com\/magaza\/\"},{\"@type\":\"ListItem\",\"position\":3,\"name\":\"51566 30mm\"}]},{\"@type\":\"WebSite\",\"@id\":\"https:\/\/www.erdogantoka.com\/#website\",\"url\":\"https:\/\/www.erdogantoka.com\/\",\"name\":\"Erdo\u011fan Toka\",\"description\":\"\",\"publisher\":{\"@id\":\"https:\/\/www.erdogantoka.com\/#organization\"},\"potentialAction\":[{\"@type\":\"SearchAction\",\"target\":{\"@type\":\"EntryPoint\",\"urlTemplate\":\"https:\/\/www.erdogantoka.com\/?s={search_term_string}\"},\"query-input\":{\"@type\":\"PropertyValueSpecification\",\"valueRequired\":true,\"valueName\":\"search_term_string\"}}],\"inLanguage\":\"en-US\"},{\"@type\":[\"Organization\",\"Place\",\"Corporation\"],\"@id\":\"https:\/\/www.erdogantoka.com\/#organization\",\"name\":\"Erdo\u011fan Toka\",\"url\":\"https:\/\/www.erdogantoka.com\/\",\"logo\":{\"@id\":\"https:\/\/www.erdogantoka.com\/urun\/51566-30mm\/#local-main-organization-logo\"},\"image\":{\"@id\":\"https:\/\/www.erdogantoka.com\/urun\/51566-30mm\/#local-main-organization-logo\"},\"sameAs\":[\"https:\/\/www.facebook.com\/erdogan.toka\"],\"address\":{\"@id\":\"https:\/\/www.erdogantoka.com\/urun\/51566-30mm\/#local-main-place-address\"},\"geo\":{\"@type\":\"GeoCoordinates\",\"latitude\":\"41.095199\",\"longitude\":\"28.797095\"},\"telephone\":[\"+90 212 486 28 90\",\"+90 212 486 28 92\"],\"contactPoint\":{\"@type\":\"ContactPoint\",\"email\":\"info@erdogantoka.com\"},\"openingHoursSpecification\":[{\"@type\":\"OpeningHoursSpecification\",\"dayOfWeek\":[\"Monday\",\"Tuesday\",\"Wednesday\",\"Thursday\",\"Friday\"],\"opens\":\"07:00\",\"closes\":\"17:00\"},{\"@type\":\"OpeningHoursSpecification\",\"dayOfWeek\":[\"Saturday\",\"Sunday\"],\"opens\":\"00:00\",\"closes\":\"00:00\"}],\"email\":\"info@erdogantoka.com\"},{\"@type\":\"PostalAddress\",\"@id\":\"https:\/\/www.erdogantoka.com\/urun\/51566-30mm\/#local-main-place-address\",\"streetAddress\":\"\u0130kitelli OSB \u00c7evre Sanayi Sitesi 9.Blok No:1-2-3-4-6-8, 34490- Ba\u015fak\u015fehir\/\u0130stanbul - TURKEY\",\"addressLocality\":\"\u0130stanbul\",\"postalCode\":\"34490\",\"addressCountry\":\"TR\"},{\"@type\":\"ImageObject\",\"inLanguage\":\"en-US\",\"@id\":\"https:\/\/www.erdogantoka.com\/urun\/51566-30mm\/#local-main-organization-logo\",\"url\":\"https:\/\/www.erdogantoka.com\/wp-content\/uploads\/2024\/10\/erdoganlogo.webp\",\"contentUrl\":\"https:\/\/www.erdogantoka.com\/wp-content\/uploads\/2024\/10\/erdoganlogo.webp\",\"width\":1000,\"height\":266,\"caption\":\"Erdo\u011fan Toka\"}]}<\/script>\n<meta property=\"product:price:currency\" content=\"TRY\" \/>\n<meta property=\"og:availability\" content=\"instock\" \/>\n<meta property=\"product:availability\" content=\"instock\" \/>\n<meta property=\"product:retailer_item_id\" content=\"51566\" \/>\n<meta property=\"product:condition\" content=\"new\" \/>\n<meta name=\"geo.placename\" content=\"\u0130stanbul\" \/>\n<meta name=\"geo.position\" content=\"41.095199;28.797095\" \/>\n<meta name=\"geo.region\" content=\"Turkey\" \/>\n<!-- \/ Yoast SEO Premium plugin. -->","yoast_head_json":{"title":"51566 30mm - Erdo\u011fan Toka","robots":{"index":"index","follow":"follow","max-snippet":"max-snippet:-1","max-image-preview":"max-image-preview:large","max-video-preview":"max-video-preview:-1"},"canonical":"https:\/\/www.erdogantoka.com\/en\/product\/51566-30mm\/","og_locale":"en_US","og_type":"article","og_title":"51566 30mm","og_description":"\u00d6zel \u015eekilli ve Ta\u015fl\u0131 Tokalar  Malzeme: Zamak","og_url":"https:\/\/www.erdogantoka.com\/en\/product\/51566-30mm\/","og_site_name":"Erdo\u011fan Toka","article_publisher":"https:\/\/www.facebook.com\/erdogan.toka","article_modified_time":"2025-01-02T23:03:55+00:00","og_image":[{"width":1200,"height":1200,"url":"https:\/\/www.erdogantoka.com\/wp-content\/uploads\/2025\/01\/51566-30_1.webp","type":"image\/webp"}],"twitter_card":"summary_large_image","twitter_misc":{"Price":"","Availability":"In stock"},"schema":{"@context":"https:\/\/schema.org","@graph":[{"@type":"WebPage","@id":"https:\/\/www.erdogantoka.com\/urun\/51566-30mm\/","url":"https:\/\/www.erdogantoka.com\/urun\/51566-30mm\/","name":"51566 30mm - Erdo\u011fan Toka","isPartOf":{"@id":"https:\/\/www.erdogantoka.com\/#website"},"primaryImageOfPage":{"@id":"https:\/\/www.erdogantoka.com\/urun\/51566-30mm\/#primaryimage"},"image":{"@id":"https:\/\/www.erdogantoka.com\/urun\/51566-30mm\/#primaryimage"},"thumbnailUrl":"https:\/\/www.erdogantoka.com\/wp-content\/uploads\/2025\/01\/51566-30_1.webp","datePublished":"2025-01-02T23:03:05+00:00","dateModified":"2025-01-02T23:03:55+00:00","breadcrumb":{"@id":"https:\/\/www.erdogantoka.com\/urun\/51566-30mm\/#breadcrumb"},"inLanguage":"en-US","potentialAction":[{"@type":"ReadAction","target":["https:\/\/www.erdogantoka.com\/urun\/51566-30mm\/"]}]},{"@type":"ImageObject","inLanguage":"en-US","@id":"https:\/\/www.erdogantoka.com\/urun\/51566-30mm\/#primaryimage","url":"https:\/\/www.erdogantoka.com\/wp-content\/uploads\/2025\/01\/51566-30_1.webp","contentUrl":"https:\/\/www.erdogantoka.com\/wp-content\/uploads\/2025\/01\/51566-30_1.webp","width":1200,"height":1200},{"@type":"BreadcrumbList","@id":"https:\/\/www.erdogantoka.com\/urun\/51566-30mm\/#breadcrumb","itemListElement":[{"@type":"ListItem","position":1,"name":"Anasayfa","item":"https:\/\/www.erdogantoka.com\/"},{"@type":"ListItem","position":2,"name":"Ma\u011faza","item":"https:\/\/www.erdogantoka.com\/magaza\/"},{"@type":"ListItem","position":3,"name":"51566 30mm"}]},{"@type":"WebSite","@id":"https:\/\/www.erdogantoka.com\/#website","url":"https:\/\/www.erdogantoka.com\/","name":"Erdo\u011fan Toka","description":"","publisher":{"@id":"https:\/\/www.erdogantoka.com\/#organization"},"potentialAction":[{"@type":"SearchAction","target":{"@type":"EntryPoint","urlTemplate":"https:\/\/www.erdogantoka.com\/?s={search_term_string}"},"query-input":{"@type":"PropertyValueSpecification","valueRequired":true,"valueName":"search_term_string"}}],"inLanguage":"en-US"},{"@type":["Organization","Place","Corporation"],"@id":"https:\/\/www.erdogantoka.com\/#organization","name":"Erdo\u011fan Toka","url":"https:\/\/www.erdogantoka.com\/","logo":{"@id":"https:\/\/www.erdogantoka.com\/urun\/51566-30mm\/#local-main-organization-logo"},"image":{"@id":"https:\/\/www.erdogantoka.com\/urun\/51566-30mm\/#local-main-organization-logo"},"sameAs":["https:\/\/www.facebook.com\/erdogan.toka"],"address":{"@id":"https:\/\/www.erdogantoka.com\/urun\/51566-30mm\/#local-main-place-address"},"geo":{"@type":"GeoCoordinates","latitude":"41.095199","longitude":"28.797095"},"telephone":["+90 212 486 28 90","+90 212 486 28 92"],"contactPoint":{"@type":"ContactPoint","email":"info@erdogantoka.com"},"openingHoursSpecification":[{"@type":"OpeningHoursSpecification","dayOfWeek":["Monday","Tuesday","Wednesday","Thursday","Friday"],"opens":"07:00","closes":"17:00"},{"@type":"OpeningHoursSpecification","dayOfWeek":["Saturday","Sunday"],"opens":"00:00","closes":"00:00"}],"email":"info@erdogantoka.com"},{"@type":"PostalAddress","@id":"https:\/\/www.erdogantoka.com\/urun\/51566-30mm\/#local-main-place-address","streetAddress":"\u0130kitelli OSB \u00c7evre Sanayi Sitesi 9.Blok No:1-2-3-4-6-8, 34490- Ba\u015fak\u015fehir\/\u0130stanbul - TURKEY","addressLocality":"\u0130stanbul","postalCode":"34490","addressCountry":"TR"},{"@type":"ImageObject","inLanguage":"en-US","@id":"https:\/\/www.erdogantoka.com\/urun\/51566-30mm\/#local-main-organization-logo","url":"https:\/\/www.erdogantoka.com\/wp-content\/uploads\/2024\/10\/erdoganlogo.webp","contentUrl":"https:\/\/www.erdogantoka.com\/wp-content\/uploads\/2024\/10\/erdoganlogo.webp","width":1000,"height":266,"caption":"Erdo\u011fan Toka"}]},"product_price_currency":"TRY","og_availability":"instock","product_availability":"instock","product_retailer_item_id":"51566","product_condition":"new","geo.placename":"\u0130stanbul","geo.position":{"lat":"41.095199","long":"28.797095"},"geo.region":"Turkey"},"_links":{"self":[{"href":"https:\/\/www.erdogantoka.com\/en\/wp-json\/wp\/v2\/product\/5466","targetHints":{"allow":["GET"]}}],"collection":[{"href":"https:\/\/www.erdogantoka.com\/en\/wp-json\/wp\/v2\/product"}],"about":[{"href":"https:\/\/www.erdogantoka.com\/en\/wp-json\/wp\/v2\/types\/product"}],"replies":[{"embeddable":true,"href":"https:\/\/www.erdogantoka.com\/en\/wp-json\/wp\/v2\/comments?post=5466"}],"wp:featuredmedia":[{"embeddable":true,"href":"https:\/\/www.erdogantoka.com\/en\/wp-json\/wp\/v2\/media\/5467"}],"wp:attachment":[{"href":"https:\/\/www.erdogantoka.com\/en\/wp-json\/wp\/v2\/media?parent=5466"}],"wp:term":[{"taxonomy":"product_brand","embeddable":true,"href":"https:\/\/www.erdogantoka.com\/en\/wp-json\/wp\/v2\/product_brand?post=5466"},{"taxonomy":"product_cat","embeddable":true,"href":"https:\/\/www.erdogantoka.com\/en\/wp-json\/wp\/v2\/product_cat?post=5466"},{"taxonomy":"product_tag","embeddable":true,"href":"https:\/\/www.erdogantoka.com\/en\/wp-json\/wp\/v2\/product_tag?post=5466"}],"curies":[{"name":"wp","href":"https:\/\/api.w.org\/{rel}","templated":true}]}}